{"id":3631,"date":"2021-02-25T18:20:49","date_gmt":"2021-02-25T17:20:49","guid":{"rendered":"http:\/\/www.martin-joseph.com\/en\/?page_id=3631"},"modified":"2025-04-24T11:25:44","modified_gmt":"2025-04-24T09:25:44","slug":"turned-part-subcontractor-emission-reduction-systems","status":"publish","type":"page","link":"https:\/\/www.martin-joseph.com\/en\/turned-part-subcontractor-emission-reduction-systems.html","title":{"rendered":"Syst\u00e8me de r\u00e9duction des \u00e9missions polluantes"},"content":{"rendered":"<div class=\"wpb-content-wrapper\"><p>[vc_row][vc_column][vc_column_text]<\/p>\n<p class=\"titre titre-fond-orange\"><span class=\"premier-mot\">Reduction machine<\/span><\/p>\n<p>[\/vc_column_text][vc_column_text el_class=&#8221;titre-h2-baseline&#8221;]<\/p>\n<h2>Emission-reducing machined parts for trucks and cars<\/h2>\n<p>[\/vc_column_text][\/vc_column][\/vc_row][vc_row][vc_column width=&#8221;1\/2&#8243;][vc_column_text]In our environmental protection approach, we are making\u00a0parts for the EGR and SCR systems, to\u00a0reduce polluting emissions. Our parts are present in\u00a0passenger vehicles\u00a0and\u00a0heavy goods vehicles:<\/p>\n<ul>\n<li>Tubes,<\/li>\n<li>Armatures, cores,<\/li>\n<li>Nozzles,<\/li>\n<li>POM H Seals,<\/li>\n<li>Shafts<\/li>\n<\/ul>\n<p>[\/vc_column_text][\/vc_column][vc_column width=&#8221;1\/2&#8243; css=&#8221;.vc_custom_1680264287818{margin-top: 0px !important;margin-right: 0px !important;margin-bottom: 0px !important;margin-left: 0px !important;padding-top: 0px !important;padding-right: 0px !important;padding-bottom: 0px !important;padding-left: 0px !important;}&#8221;][vc_single_image image=&#8221;4840&#8243; img_size=&#8221;full&#8221; alignment=&#8221;center&#8221; css_animation=&#8221;fadeInRight&#8221;][\/vc_column][\/vc_row][vc_row][vc_column][vc_column_text el_class=&#8221;grosse-baseline&#8221;]<\/p>\n<div id=\"Content\" role=\"main\">\n<div class=\"content_wrapper clearfix\">\n<div class=\"sections_group\">\n<div class=\"entry-content\">\n<div class=\"section the_content has_content\">\n<div class=\"section_wrapper\">\n<div class=\"the_content_wrapper \">\n<section class=\"wpb-content-wrapper\">\n<div class=\"vc_row wpb_row vc_row-fluid\">\n<div class=\"wpb_column vc_column_container vc_col-sm-12\">\n<div class=\"vc_column-inner\">\n<div class=\"wpb_wrapper\">\n<div class=\"wpb_text_column wpb_content_element grosse-baseline\">\n<div class=\"wpb_wrapper\">\n<div class=\"vc_row wpb_row vc_row-fluid\">\n<div class=\"wpb_column vc_column_container vc_col-sm-12\">\n<div class=\"vc_column-inner\">\n<div class=\"wpb_wrapper\">\n<div class=\"wpb_text_column wpb_content_element grosse-baseline\">\n<div class=\"wpb_wrapper\">\n<p style=\"text-align: center;\">A NEED, A QUESTION? OUR EXPERTS ARE AT YOUR DISPOSAL!<\/p>\n<\/div>\n<\/div>\n<\/div>\n<\/div>\n<\/div>\n<\/div>\n<\/div>\n<\/div>\n<\/div>\n<\/div>\n<\/div>\n<\/div>\n<\/section>\n<\/div>\n<\/div>\n<\/div>\n<div class=\"section section-page-footer\">\n<div class=\"section_wrapper clearfix\">\n<div class=\"column one page-pager\">\n<div class=\"mcb-column-inner\"><\/div>\n<\/div>\n<\/div>\n<\/div>\n<\/div>\n<\/div>\n<\/div>\n<\/div>\n<footer id=\"Footer\" class=\"clearfix mfn-footer \" role=\"contentinfo\">\n<div class=\"widgets_wrapper \">\n<div class=\"container\">\n<div class=\"column mobile-one tablet-one-third one-third\">\n<div class=\"mcb-column-inner\"><\/div>\n<\/div>\n<\/div>\n<\/div>\n<\/footer>\n<p>[\/vc_column_text][vc_btn title=&#8221;Quotation&#8221; style=&#8221;custom&#8221; custom_background=&#8221;#ff7e00&#8243; custom_text=&#8221;#ffffff&#8221; shape=&#8221;square&#8221; size=&#8221;lg&#8221; align=&#8221;center&#8221; link=&#8221;url:%2Fen%2Fcontact.html|title:Contact&#8221;][\/vc_column][\/vc_row][vc_row el_class=&#8221;menu-auto&#8221;][vc_column][vc_row_inner css=&#8221;.vc_custom_1696428629335{background-color: #003e90 !important;}&#8221; el_class=&#8221;txt-blanc btn-menu-auto&#8221;][vc_column_inner width=&#8221;2\/3&#8243;][vc_column_text]<a href=\"\/en\/bar-turning-automotive-transmission-system.html\">Transmission system<\/a>[\/vc_column_text][\/vc_column_inner][vc_column_inner width=&#8221;1\/3&#8243;][vc_single_image image=&#8221;5523&#8243; img_size=&#8221;full&#8221; alignment=&#8221;center&#8221; onclick=&#8221;custom_link&#8221; link=&#8221;https:\/\/www.martin-joseph.com\/en\/bar-turning-automotive-transmission-system.html&#8221;][\/vc_column_inner][\/vc_row_inner][vc_row_inner css=&#8221;.vc_custom_1696428629335{background-color: #003e90 !important;}&#8221; el_class=&#8221;txt-blanc btn-menu-auto&#8221;][vc_column_inner width=&#8221;2\/3&#8243;][vc_column_text]<a href=\"\/en\/bar-turning-automotive-injection-parts.html\">Injection system<\/a>[\/vc_column_text][\/vc_column_inner][vc_column_inner width=&#8221;1\/3&#8243;][vc_single_image image=&#8221;5525&#8243; img_size=&#8221;full&#8221; alignment=&#8221;center&#8221; onclick=&#8221;custom_link&#8221; link=&#8221;https:\/\/www.martin-joseph.com\/en\/bar-turning-automotive-injection-parts.html&#8221;][\/vc_column_inner][\/vc_row_inner][vc_row_inner css=&#8221;.vc_custom_1696428629335{background-color: #003e90 !important;}&#8221; el_class=&#8221;txt-blanc btn-menu-auto&#8221;][vc_column_inner width=&#8221;2\/3&#8243;][vc_column_text]<a href=\"\/en\/bar-turning-of-parts-for-shock-absorbers.html\">Shock absorbers<\/a>[\/vc_column_text][\/vc_column_inner][vc_column_inner width=&#8221;1\/3&#8243;][vc_single_image image=&#8221;5524&#8243; img_size=&#8221;full&#8221; alignment=&#8221;center&#8221; onclick=&#8221;custom_link&#8221; link=&#8221;https:\/\/www.martin-joseph.com\/en\/bar-turning-of-parts-for-shock-absorbers.html&#8221;][\/vc_column_inner][\/vc_row_inner][vc_row_inner css=&#8221;.vc_custom_1696428629335{background-color: #003e90 !important;}&#8221; el_class=&#8221;txt-blanc btn-menu-auto&#8221;][vc_column_inner width=&#8221;2\/3&#8243;][vc_column_text]<a href=\"\/en\/turned-part-subcontractor-emission-reduction-systems.html\">Reduction system<\/a>[\/vc_column_text][\/vc_column_inner][vc_column_inner width=&#8221;1\/3&#8243;][vc_single_image image=&#8221;5522&#8243; img_size=&#8221;full&#8221; alignment=&#8221;center&#8221; onclick=&#8221;custom_link&#8221; link=&#8221;https:\/\/www.martin-joseph.com\/en\/turned-part-subcontractor-emission-reduction-systems.html&#8221;][\/vc_column_inner][\/vc_row_inner][vc_row_inner css=&#8221;.vc_custom_1696428629335{background-color: #003e90 !important;}&#8221; el_class=&#8221;txt-blanc btn-menu-auto&#8221;][vc_column_inner width=&#8221;2\/3&#8243;][vc_column_text]<a href=\"\/en\/machined-part-manufacturer-automotive-air-conditioning-system.html\">Air conditioning \/ cooling<\/a>[\/vc_column_text][\/vc_column_inner][vc_column_inner width=&#8221;1\/3&#8243;][vc_single_image image=&#8221;5521&#8243; img_size=&#8221;full&#8221; alignment=&#8221;center&#8221; onclick=&#8221;custom_link&#8221; link=&#8221;https:\/\/www.martin-joseph.com\/en\/machined-part-manufacturer-automotive-air-conditioning-system.html&#8221;][\/vc_column_inner][\/vc_row_inner][vc_row_inner css=&#8221;.vc_custom_1696428629335{background-color: #003e90 !important;}&#8221; el_class=&#8221;txt-blanc btn-menu-auto&#8221;][vc_column_inner width=&#8221;2\/3&#8243;][vc_column_text]<a href=\"\/en\/turned-parts-automotive-battery-connectors.html\">Connector for batteries<\/a>[\/vc_column_text][\/vc_column_inner][vc_column_inner width=&#8221;1\/3&#8243;][vc_single_image image=&#8221;5526&#8243; img_size=&#8221;full&#8221; alignment=&#8221;center&#8221; onclick=&#8221;custom_link&#8221; link=&#8221;https:\/\/www.martin-joseph.com\/en\/turned-parts-automotive-battery-connectors.html&#8221;][\/vc_column_inner][\/vc_row_inner][\/vc_column][\/vc_row]<\/p>\n<\/div>","protected":false},"excerpt":{"rendered":"<p>[vc_row][vc_column][vc_column_text] Reduction machine [\/vc_column_text][vc_column_text el_class=&#8221;titre-h2-baseline&#8221;] Emission-reducing machined parts for trucks and cars [\/vc_column_text][\/vc_column][\/vc_row][vc_row][vc_column width=&#8221;1\/2&#8243;][vc_column_text]In our environmental protection approach, we are making\u00a0parts for the EGR and SCR<span class=\"excerpt-hellip\"> [\u2026]<\/span><\/p>\n","protected":false},"author":1,"featured_media":0,"parent":0,"menu_order":0,"comment_status":"closed","ping_status":"closed","template":"","meta":{"footnotes":""},"offres_emplois":[],"type_de_contrat_":[],"categorie_emplois":[],"class_list":["post-3631","page","type-page","status-publish","hentry"],"_links":{"self":[{"href":"https:\/\/www.martin-joseph.com\/en\/wp-json\/wp\/v2\/pages\/3631","targetHints":{"allow":["GET"]}}],"collection":[{"href":"https:\/\/www.martin-joseph.com\/en\/wp-json\/wp\/v2\/pages"}],"about":[{"href":"https:\/\/www.martin-joseph.com\/en\/wp-json\/wp\/v2\/types\/page"}],"author":[{"embeddable":true,"href":"https:\/\/www.martin-joseph.com\/en\/wp-json\/wp\/v2\/users\/1"}],"replies":[{"embeddable":true,"href":"https:\/\/www.martin-joseph.com\/en\/wp-json\/wp\/v2\/comments?post=3631"}],"version-history":[{"count":0,"href":"https:\/\/www.martin-joseph.com\/en\/wp-json\/wp\/v2\/pages\/3631\/revisions"}],"wp:attachment":[{"href":"https:\/\/www.martin-joseph.com\/en\/wp-json\/wp\/v2\/media?parent=3631"}],"wp:term":[{"taxonomy":"offres_emplois","embeddable":true,"href":"https:\/\/www.martin-joseph.com\/en\/wp-json\/wp\/v2\/offres_emplois?post=3631"},{"taxonomy":"type_de_contrat_","embeddable":true,"href":"https:\/\/www.martin-joseph.com\/en\/wp-json\/wp\/v2\/type_de_contrat_?post=3631"},{"taxonomy":"categorie_emplois","embeddable":true,"href":"https:\/\/www.martin-joseph.com\/en\/wp-json\/wp\/v2\/categorie_emplois?post=3631"}],"curies":[{"name":"wp","href":"https:\/\/api.w.org\/{rel}","templated":true}]}}