{"id":3182,"date":"2021-02-11T17:04:56","date_gmt":"2021-02-11T16:04:56","guid":{"rendered":"http:\/\/www.martin-joseph.com\/en\/?page_id=3182"},"modified":"2025-04-24T11:15:49","modified_gmt":"2025-04-24T09:15:49","slug":"stainless-steel-titanium-turned-part-medical-sector","status":"publish","type":"page","link":"https:\/\/www.martin-joseph.com\/en\/stainless-steel-titanium-turned-part-medical-sector.html","title":{"rendered":"D\u00e9colletage de pi\u00e8ce en inox ou titane pour le secteur du m\u00e9dical"},"content":{"rendered":"<div class=\"wpb-content-wrapper\"><p>[vc_row][vc_column offset=&#8221;vc_hidden-xs&#8221;][vc_empty_space height=&#8221;10px&#8221;][\/vc_column][\/vc_row][vc_row][vc_column][vc_column_text]<\/p>\n<p class=\"titre titre-fond-orange\"><span class=\"premier-mot\">Machined non-implantable parts<\/span><\/p>\n<p>[\/vc_column_text][\/vc_column][\/vc_row][vc_row][vc_column width=&#8221;1\/2&#8243;][vc_column_text el_class=&#8221;block-encart-txt&#8221;]<\/p>\n<h3>Machined parts for the medical sector, non-implantable<\/h3>\n<p>We are involved in the <b>manufacturing of non-implantable parts<\/b> for the <b>medical field<\/b> through <b>connected devices for medical treatments<\/b> intended for patients and healthcare professionals.<\/p>\n<p>Our know-how and our manufacturing tools allow us to meet the most demanding requirements.[\/vc_column_text][\/vc_column][vc_column width=&#8221;1\/2&#8243; css=&#8221;.vc_custom_1680264287818{margin-top: 0px !important;margin-right: 0px !important;margin-bottom: 0px !important;margin-left: 0px !important;padding-top: 0px !important;padding-right: 0px !important;padding-bottom: 0px !important;padding-left: 0px !important;}&#8221;][vc_single_image image=&#8221;4862&#8243; img_size=&#8221;full&#8221; alignment=&#8221;center&#8221; css_animation=&#8221;fadeInRight&#8221; css=&#8221;.vc_custom_1713353077834{margin-top: 0px !important;margin-right: 0px !important;margin-bottom: 0px !important;margin-left: 0px !important;padding-top: 0px !important;padding-right: 0px !important;padding-bottom: 0px !important;padding-left: 0px !important;}&#8221;][\/vc_column][\/vc_row][vc_row][vc_column][vc_empty_space height=&#8221;10px&#8221;][\/vc_column][\/vc_row][vc_row][vc_column][vc_column_text]<\/p>\n<p class=\"titre titre-droite titre-fond-bleu\" style=\"text-align: right;\"><span class=\"premier-mot padding-left-20\">Implantable medical parts<\/span><\/p>\n<p>[\/vc_column_text][\/vc_column][\/vc_row][vc_row][vc_column width=&#8221;1\/2&#8243; css=&#8221;.vc_custom_1680264287818{margin-top: 0px !important;margin-right: 0px !important;margin-bottom: 0px !important;margin-left: 0px !important;padding-top: 0px !important;padding-right: 0px !important;padding-bottom: 0px !important;padding-left: 0px !important;}&#8221;][vc_single_image image=&#8221;4861&#8243; img_size=&#8221;full&#8221; alignment=&#8221;center&#8221; css_animation=&#8221;fadeInLeft&#8221; css=&#8221;.vc_custom_1713353106609{margin-top: 0px !important;margin-right: 0px !important;margin-bottom: 0px !important;margin-left: 0px !important;padding-top: 0px !important;padding-right: 0px !important;padding-bottom: 0px !important;padding-left: 0px !important;}&#8221;][\/vc_column][vc_column width=&#8221;1\/2&#8243;][vc_column_text el_class=&#8221;block-encart-txt&#8221;]<\/p>\n<h3>Machined implantable parts for medical sector<\/h3>\n<p>We are involved in the <span class=\"fort\">manufacture of implantable parts<\/span> for the medical field, more particularly the <span class=\"fort\">dental<\/span> and <span class=\"fort\">cardiological sectors<\/span>.[\/vc_column_text][\/vc_column][\/vc_row][vc_row][vc_column][vc_empty_space height=&#8221;10px&#8221;][\/vc_column][\/vc_row][vc_row][vc_column][vc_column_text el_class=&#8221;grosse-baseline&#8221;]<\/p>\n<p style=\"text-align: center;\">A NEED, A QUESTION? OUR EXPERTS ARE AT YOUR SERVICE!<\/p>\n<p>[\/vc_column_text][vc_btn title=&#8221;GET A QUOTE&#8221; style=&#8221;custom&#8221; custom_background=&#8221;#ff7e00&#8243; custom_text=&#8221;#ffffff&#8221; shape=&#8221;square&#8221; size=&#8221;lg&#8221; align=&#8221;center&#8221; link=&#8221;url:https%3A%2F%2Fwww.martin-joseph.com\/en%2Fcontact.html|title:Contact&#8221;][\/vc_column][\/vc_row]<\/p>\n<\/div>","protected":false},"excerpt":{"rendered":"<p>[vc_row][vc_column offset=&#8221;vc_hidden-xs&#8221;][vc_empty_space height=&#8221;10px&#8221;][\/vc_column][\/vc_row][vc_row][vc_column][vc_column_text] Machined non-implantable parts [\/vc_column_text][\/vc_column][\/vc_row][vc_row][vc_column width=&#8221;1\/2&#8243;][vc_column_text el_class=&#8221;block-encart-txt&#8221;] Machined parts for the medical sector, non-implantable We are involved in the manufacturing of non-implantable parts for<span class=\"excerpt-hellip\"> [\u2026]<\/span><\/p>\n","protected":false},"author":1,"featured_media":0,"parent":0,"menu_order":0,"comment_status":"closed","ping_status":"closed","template":"","meta":{"footnotes":""},"offres_emplois":[],"type_de_contrat_":[],"categorie_emplois":[],"class_list":["post-3182","page","type-page","status-publish","hentry"],"_links":{"self":[{"href":"https:\/\/www.martin-joseph.com\/en\/wp-json\/wp\/v2\/pages\/3182","targetHints":{"allow":["GET"]}}],"collection":[{"href":"https:\/\/www.martin-joseph.com\/en\/wp-json\/wp\/v2\/pages"}],"about":[{"href":"https:\/\/www.martin-joseph.com\/en\/wp-json\/wp\/v2\/types\/page"}],"author":[{"embeddable":true,"href":"https:\/\/www.martin-joseph.com\/en\/wp-json\/wp\/v2\/users\/1"}],"replies":[{"embeddable":true,"href":"https:\/\/www.martin-joseph.com\/en\/wp-json\/wp\/v2\/comments?post=3182"}],"version-history":[{"count":0,"href":"https:\/\/www.martin-joseph.com\/en\/wp-json\/wp\/v2\/pages\/3182\/revisions"}],"wp:attachment":[{"href":"https:\/\/www.martin-joseph.com\/en\/wp-json\/wp\/v2\/media?parent=3182"}],"wp:term":[{"taxonomy":"offres_emplois","embeddable":true,"href":"https:\/\/www.martin-joseph.com\/en\/wp-json\/wp\/v2\/offres_emplois?post=3182"},{"taxonomy":"type_de_contrat_","embeddable":true,"href":"https:\/\/www.martin-joseph.com\/en\/wp-json\/wp\/v2\/type_de_contrat_?post=3182"},{"taxonomy":"categorie_emplois","embeddable":true,"href":"https:\/\/www.martin-joseph.com\/en\/wp-json\/wp\/v2\/categorie_emplois?post=3182"}],"curies":[{"name":"wp","href":"https:\/\/api.w.org\/{rel}","templated":true}]}}