{"id":5334,"date":"2023-09-19T09:03:55","date_gmt":"2023-09-19T07:03:55","guid":{"rendered":"https:\/\/www.martin-joseph.com\/de\/?page_id=5334"},"modified":"2025-09-18T12:00:25","modified_gmt":"2025-09-18T10:00:25","slug":"praezisionsbearbeitung-luftfahrt-frankreich","status":"publish","type":"page","link":"https:\/\/www.martin-joseph.com\/de\/praezisionsbearbeitung-luftfahrt-frankreich.html","title":{"rendered":"Pr\u00e4zisionsbearbeitung f\u00fcr die Luftfahrt"},"content":{"rendered":"<div class=\"wpb-content-wrapper\"><p>[vc_row][vc_column offset=&#8220;vc_hidden-xs&#8220;][vc_empty_space height=&#8220;16px&#8220;][vc_column_text css=&#8220;.vc_custom_1758187553716{padding-bottom: 2px !important;}&#8220;]<\/p>\n<h2 class=\"titre titre-fond-orange\">Pr\u00e4zisionsbauteile und Baugruppen f\u00fcr Luft- und Raumfahrt sowie Verteidigung<\/h2>\n<p>[\/vc_column_text][vc_row_inner][vc_column_inner width=&#8220;1\/2&#8243;][vc_column_text]<\/p>\n<p>Wir stellen unser Know-how in den Dienst der anspruchsvollen Luft- und Raumfahrt- sowie Verteidigungsindustrie. Wir fertigen Pr\u00e4zisionsbauteile in sehr kleinen bis mittleren Abmessungen \u2013 konform mit h\u00f6chsten Standards in Qualit\u00e4t, R\u00fcckverfolgbarkeit und Sicherheit.<\/p>\n<p>Unsere modernen <a href=\"https:\/\/www.martin-joseph.com\/de\/herstellungsmittel.html\" target=\"_blank\" rel=\"noopener\">Maschinen<\/a> und unsere international anerkannte Kompetenz erm\u00f6glichen die Herstellung komplexer, hochpr\u00e4ziser Komponenten mit hohem Mehrwert. Von Prototypen bis hin zur Serienproduktion profitieren unsere Kunden von mikrometergenauer Pr\u00e4zision, garantierter Wiederholbarkeit und vollst\u00e4ndiger Kontrolle des gesamten Fertigungsprozesses.<\/p>\n<p>Unsere langj\u00e4hrige Erfahrung in der Fluidtechnik kommt in der Luftfahrt voll zum Einsatz \u2013 ob bei Einspritzsystemen, Hydraulik oder Bremssystemen.<\/p>\n<p>Mit einem klaren Fokus auf Leistung, Innovation und kontinuierliche Verbesserung positioniert sich unser flexibles und reaktionsschnelles <a href=\"https:\/\/www.martin-joseph.com\/de\/unternehmen-joseph-martin.html\" target=\"_blank\" rel=\"noopener\">Unternehmen<\/a> als verl\u00e4sslicher Partner f\u00fcr Ihre Luftfahrtprojekte.<\/p>\n<h3>Beispiele f\u00fcr Anwendungen in Luft- und Raumfahrt &amp; Verteidigung<\/h3>\n<ul>\n<li>\n<p data-start=\"1412\" data-end=\"1610\"><strong>Flugsteuerungssysteme<\/strong>: pr\u00e4zise gefertigte Achsen, Buchsen, Gelenkk\u00f6pfe und Lager f\u00fcr die zuverl\u00e4ssige Steuerung von Rudern, Querrudern und Landeklappen in zivilen und milit\u00e4rischen Flugzeugen.<\/p>\n<\/li>\n<li><strong>Fahrwerkskomponenten<\/strong>: sicherheitskritische Teile wie Verriegelungsbolzen, Distanzst\u00fccke, Buchsen und F\u00fchrungselemente aus Hochleistungslegierungen f\u00fcr extreme dynamische Belastungen.<\/li>\n<li>\n<p data-start=\"1804\" data-end=\"1992\"><strong data-start=\"1804\" data-end=\"1839\">Hydraulik- und Pneumatiksysteme<\/strong>: Ventile, Anschl\u00fcsse, R\u00fcckschlagventile und Verteilergeh\u00e4use mit engen Toleranzen \u2013 essenziell f\u00fcr Bremssysteme, Klappenbet\u00e4tigung oder Waffensysteme.<\/p>\n<\/li>\n<li><strong>Struktur- und Chassiskomponenten<\/strong>: Eins\u00e4tze, Befestigungselemente, Lager und Halterungen aus Luftfahrtaluminium oder Titan, integriert in R\u00fcmpfe, Gondeln oder Panzerfahrzeugstrukturen.<\/li>\n<li><strong>D\u00e4mpfungs- und Federungssysteme<\/strong>: Bauteile f\u00fcr aktive Fahrwerke von Panzerfahrzeugen oder einziehbaren Flugzeugfahrwerken \u2013 robust, langlebig und mechanisch belastbar.<\/li>\n<\/ul>\n<p>[\/vc_column_text][\/vc_column_inner][vc_column_inner width=&#8220;1\/2&#8243;][vc_empty_space][vc_single_image image=&#8220;5852&#8243; img_size=&#8220;full&#8220; alignment=&#8220;center&#8220; css_animation=&#8220;fadeInRight&#8220; css=&#8220;.vc_custom_1758188102179{margin-top: 0px !important;margin-right: 0px !important;margin-bottom: 0px !important;margin-left: 0px !important;padding-top: 0px !important;padding-right: 0px !important;padding-bottom: 0px !important;padding-left: 0px !important;}&#8220;][\/vc_column_inner][\/vc_row_inner][\/vc_column][\/vc_row][vc_row][vc_column offset=&#8220;vc_hidden-xs&#8220;][vc_empty_space height=&#8220;16px&#8220;][vc_column_text css=&#8220;.vc_custom_1758188275739{padding-bottom: 2px !important;}&#8220;]<\/p>\n<h2 class=\"titre titre-droite titre-fond-bleu\" style=\"text-align: right;\">Engineering und Industrialisierung f\u00fcr die Luftfahrt<\/h2>\n<p>[\/vc_column_text][vc_row_inner][vc_column_inner width=&#8220;1\/2&#8243;][vc_single_image image=&#8220;5850&#8243; img_size=&#8220;full&#8220; alignment=&#8220;center&#8220; css_animation=&#8220;fadeInRight&#8220; css=&#8220;.vc_custom_1758188334051{margin-top: 0px !important;margin-right: 0px !important;margin-bottom: 0px !important;margin-left: 0px !important;padding-top: 0px !important;padding-right: 0px !important;padding-bottom: 0px !important;padding-left: 0px !important;}&#8220;][\/vc_column_inner][vc_column_inner width=&#8220;1\/2&#8243;][vc_column_text]<\/p>\n<p>Wir stellen unser Know-how in den Dienst der anspruchsvollen Luft- und Raumfahrt- sowie Verteidigungsindustrie. Wir fertigen Pr\u00e4zisionsbauteile in sehr kleinen bis mittleren Abmessungen \u2013 konform mit h\u00f6chsten Standards in Qualit\u00e4t, R\u00fcckverfolgbarkeit und Sicherheit.<\/p>\n<p>Unsere modernen <a href=\"https:\/\/www.martin-joseph.com\/de\/herstellungsmittel.html\" target=\"_blank\" rel=\"noopener\">Maschinen<\/a> und unsere international anerkannte Kompetenz erm\u00f6glichen die Herstellung komplexer, hochpr\u00e4ziser Komponenten mit hohem Mehrwert. Von Prototypen bis hin zur Serienproduktion profitieren unsere Kunden von mikrometergenauer Pr\u00e4zision, garantierter Wiederholbarkeit und vollst\u00e4ndiger Kontrolle des gesamten Fertigungsprozesses.<\/p>\n<p>Unsere langj\u00e4hrige Erfahrung in der Fluidtechnik kommt in der Luftfahrt voll zum Einsatz \u2013 ob bei Einspritzsystemen, Hydraulik oder Bremssystemen.<\/p>\n<p>Mit einem klaren Fokus auf Leistung, Innovation und kontinuierliche Verbesserung positioniert sich unser flexibles und reaktionsschnelles <a href=\"https:\/\/www.martin-joseph.com\/de\/unternehmen-joseph-martin.html\" target=\"_blank\" rel=\"noopener\">Unternehmen<\/a> als verl\u00e4sslicher Partner f\u00fcr Ihre Luftfahrtprojekte.<\/p>\n<h3>Beispiele f\u00fcr Anwendungen in Luft- und Raumfahrt &amp; Verteidigung<\/h3>\n<ul>\n<li>\n<p data-start=\"1412\" data-end=\"1610\"><strong>Flugsteuerungssysteme<\/strong>: pr\u00e4zise gefertigte Achsen, Buchsen, Gelenkk\u00f6pfe und Lager f\u00fcr die zuverl\u00e4ssige Steuerung von Rudern, Querrudern und Landeklappen in zivilen und milit\u00e4rischen Flugzeugen.<\/p>\n<\/li>\n<li><strong>Fahrwerkskomponenten<\/strong>: sicherheitskritische Teile wie Verriegelungsbolzen, Distanzst\u00fccke, Buchsen und F\u00fchrungselemente aus Hochleistungslegierungen f\u00fcr extreme dynamische Belastungen.<\/li>\n<li>\n<p data-start=\"1804\" data-end=\"1992\"><strong data-start=\"1804\" data-end=\"1839\">Hydraulik- und Pneumatiksysteme<\/strong>: Ventile, Anschl\u00fcsse, R\u00fcckschlagventile und Verteilergeh\u00e4use mit engen Toleranzen \u2013 essenziell f\u00fcr Bremssysteme, Klappenbet\u00e4tigung oder Waffensysteme.<\/p>\n<\/li>\n<li><strong>Struktur- und Chassiskomponenten<\/strong>: Eins\u00e4tze, Befestigungselemente, Lager und Halterungen aus Luftfahrtaluminium oder Titan, integriert in R\u00fcmpfe, Gondeln oder Panzerfahrzeugstrukturen.<\/li>\n<li><strong>D\u00e4mpfungs- und Federungssysteme<\/strong>: Bauteile f\u00fcr aktive Fahrwerke von Panzerfahrzeugen oder einziehbaren Flugzeugfahrwerken \u2013 robust, langlebig und mechanisch belastbar.<\/li>\n<\/ul>\n<p>[\/vc_column_text][\/vc_column_inner][\/vc_row_inner][\/vc_column][\/vc_row][vc_row][vc_column][vc_column_text el_class=&#8220;grosse-baseline&#8220;]<\/p>\n<p style=\"text-align: center;\">Ben\u00f6tigen Sie einen Partner f\u00fcr die Bearbeitung Ihrer Luftfahrtteile? Kontaktieren Sie unsere Teams!<\/p>\n<p>[\/vc_column_text][vc_btn title=&#8220;Preisanfrage&#8220; style=&#8220;custom&#8220; custom_background=&#8220;#ff7e00&#8243; custom_text=&#8220;#ffffff&#8220; shape=&#8220;square&#8220; size=&#8220;lg&#8220; align=&#8220;center&#8220; link=&#8220;url:%2Fde%2Fkontakt.html|title:)&#8220;][\/vc_column][\/vc_row][vc_row][vc_column offset=&#8220;vc_hidden-xs&#8220;][vc_empty_space height=&#8220;16px&#8220;][vc_column_text css=&#8220;.vc_custom_1758188665061{padding-bottom: 2px !important;}&#8220;]<\/p>\n<h2 class=\"titre titre-fond-orange\">Montage und Baugruppen f\u00fcr die Luftfahrt<\/h2>\n<p>[\/vc_column_text][vc_row_inner][vc_column_inner width=&#8220;1\/2&#8243;][vc_column_text]<\/p>\n<p data-start=\"3144\" data-end=\"3297\">\u00dcber die <a href=\"https:\/\/www.martin-joseph.com\/de\/bearbeitung-nachbearbeitung-eines-teils.html\" target=\"_blank\" rel=\"noopener\">Zerspanung<\/a> hinaus bieten wir die <a href=\"https:\/\/www.martin-joseph.com\/de\/zusammenbau-von-bearbeiteten-teilen.html\" target=\"_blank\" rel=\"noopener\">Montage kompletter<\/a> Baugruppen mit mehreren Komponenten: Crimpen, F\u00fcgen, Drehmoment-, Kraft- und Hubkontrolle.<\/p>\n<p data-start=\"3299\" data-end=\"3619\">Wir arbeiten mit einem zuverl\u00e4ssigen Lieferantennetzwerk (Schmieden, Stanzen, Oberfl\u00e4chenbehandlung usw.) und setzen auf kurze Lieferketten und langfristige Partnerschaften. Unsere technische Expertise erm\u00f6glicht eine effiziente Koordination aller Beteiligten \u2013 mit reduziertem Schnittstellenaufwand f\u00fcr unsere Kunden.<\/p>\n<p>[\/vc_column_text][\/vc_column_inner][vc_column_inner width=&#8220;1\/2&#8243;][vc_empty_space][vc_single_image image=&#8220;5849&#8243; img_size=&#8220;full&#8220; alignment=&#8220;center&#8220; css_animation=&#8220;fadeInRight&#8220; css=&#8220;.vc_custom_1758188826759{margin-top: 0px !important;margin-right: 0px !important;margin-bottom: 0px !important;margin-left: 0px !important;padding-top: 0px !important;padding-right: 0px !important;padding-bottom: 0px !important;padding-left: 0px !important;}&#8220;][\/vc_column_inner][\/vc_row_inner][\/vc_column][\/vc_row][vc_row][vc_column][vc_empty_space height=&#8220;16px&#8220;][vc_column_text css=&#8220;.vc_custom_1758189109875{padding-bottom: 2px !important;}&#8220;]<\/p>\n<h2 class=\"titre titre-droite titre-fond-bleu\" style=\"text-align: right;\">R\u00fcckverfolgbarkeit und Normkonformit\u00e4t: Zertifiziertes Umfeld<\/h2>\n<p>[\/vc_column_text][vc_row_inner][vc_column_inner width=&#8220;1\/2&#8243;][vc_single_image image=&#8220;5853&#8243; img_size=&#8220;full&#8220; alignment=&#8220;center&#8220; css_animation=&#8220;fadeInRight&#8220; css=&#8220;.vc_custom_1758189264649{margin-top: 0px !important;margin-right: 0px !important;margin-bottom: 0px !important;margin-left: 0px !important;padding-top: 0px !important;padding-right: 0px !important;padding-bottom: 0px !important;padding-left: 0px !important;}&#8220;][\/vc_column_inner][vc_column_inner width=&#8220;1\/2&#8243;][vc_column_text]Die vollst\u00e4ndige R\u00fcckverfolgbarkeit ist garantiert \u2013 vom Wareneingang bis zur Endlieferung. Jeder Arbeitsschritt wird digital erfasst und gesichert.<\/p>\n<p>Unser Qualit\u00e4tsmanagement ist nach ISO 9001 <a href=\"https:\/\/www.martin-joseph.com\/de\/zertifizierungen.html\" target=\"_blank\" rel=\"noopener\">zertifiziert<\/a> und bereits auf die Anforderungen der EN 9100 (Zertifizierung in Arbeit \u2013 geplant f\u00fcr 2025) ausgerichtet. Damit erf\u00fcllen wir die Erwartungen der internationalen Luft- und Raumfahrt- sowie Verteidigungsindustrie.<\/p>\n<p>Zudem sind wir nach ISO 14001 zertifiziert und engagieren uns aktiv f\u00fcr Nachhaltigkeit, Abfallreduktion und energieeffiziente L\u00f6sungen.[\/vc_column_text][\/vc_column_inner][\/vc_row_inner][\/vc_column][\/vc_row][vc_row][vc_column][vc_column_text el_class=&#8220;grosse-baseline&#8220;]<\/p>\n<p style=\"text-align: center;\">Mit Joseph Martin entscheiden Sie sich f\u00fcr einen zertifizierten, wettbewerbsf\u00e4higen und flexiblen Partner, der Ihre Luftfahrtprojekte von der Entwicklung bis zur Serienfertigung begleitet \u2013 in Frankreich und weltweit.<\/p>\n<p>[\/vc_column_text][vc_btn title=&#8220;Preisanfrage&#8220; style=&#8220;custom&#8220; custom_background=&#8220;#ff7e00&#8243; custom_text=&#8220;#ffffff&#8220; shape=&#8220;square&#8220; size=&#8220;lg&#8220; align=&#8220;center&#8220; link=&#8220;url:%2Fde%2Fkontakt.html|title:)&#8220;][\/vc_column][\/vc_row]<\/p>\n<\/div>","protected":false},"excerpt":{"rendered":"<p>[vc_row][vc_column offset=&#8220;vc_hidden-xs&#8220;][vc_empty_space height=&#8220;16px&#8220;][vc_column_text css=&#8220;.vc_custom_1758187553716{padding-bottom: 2px !important;}&#8220;] Pr\u00e4zisionsbauteile und Baugruppen f\u00fcr Luft- und Raumfahrt sowie Verteidigung [\/vc_column_text][vc_row_inner][vc_column_inner width=&#8220;1\/2&#8243;][vc_column_text] Wir stellen unser Know-how in den Dienst der anspruchsvollen<span class=\"excerpt-hellip\"> [\u2026]<\/span><\/p>\n","protected":false},"author":1,"featured_media":0,"parent":0,"menu_order":0,"comment_status":"closed","ping_status":"closed","template":"","meta":{"footnotes":""},"offres_emplois":[],"type_de_contrat_":[],"categorie_emplois":[],"class_list":["post-5334","page","type-page","status-publish","hentry"],"_links":{"self":[{"href":"https:\/\/www.martin-joseph.com\/de\/wp-json\/wp\/v2\/pages\/5334","targetHints":{"allow":["GET"]}}],"collection":[{"href":"https:\/\/www.martin-joseph.com\/de\/wp-json\/wp\/v2\/pages"}],"about":[{"href":"https:\/\/www.martin-joseph.com\/de\/wp-json\/wp\/v2\/types\/page"}],"author":[{"embeddable":true,"href":"https:\/\/www.martin-joseph.com\/de\/wp-json\/wp\/v2\/users\/1"}],"replies":[{"embeddable":true,"href":"https:\/\/www.martin-joseph.com\/de\/wp-json\/wp\/v2\/comments?post=5334"}],"version-history":[{"count":0,"href":"https:\/\/www.martin-joseph.com\/de\/wp-json\/wp\/v2\/pages\/5334\/revisions"}],"wp:attachment":[{"href":"https:\/\/www.martin-joseph.com\/de\/wp-json\/wp\/v2\/media?parent=5334"}],"wp:term":[{"taxonomy":"offres_emplois","embeddable":true,"href":"https:\/\/www.martin-joseph.com\/de\/wp-json\/wp\/v2\/offres_emplois?post=5334"},{"taxonomy":"type_de_contrat_","embeddable":true,"href":"https:\/\/www.martin-joseph.com\/de\/wp-json\/wp\/v2\/type_de_contrat_?post=5334"},{"taxonomy":"categorie_emplois","embeddable":true,"href":"https:\/\/www.martin-joseph.com\/de\/wp-json\/wp\/v2\/categorie_emplois?post=5334"}],"curies":[{"name":"wp","href":"https:\/\/api.w.org\/{rel}","templated":true}]}}