{"id":5326,"date":"2023-09-18T17:18:06","date_gmt":"2023-09-18T15:18:06","guid":{"rendered":"https:\/\/www.martin-joseph.com\/de\/?page_id=5326"},"modified":"2025-11-04T15:19:12","modified_gmt":"2025-11-04T14:19:12","slug":"bearbeitung-mechanischer-teile-lkw-sektor","status":"publish","type":"page","link":"https:\/\/www.martin-joseph.com\/de\/bearbeitung-mechanischer-teile-lkw-sektor.html","title":{"rendered":"Bearbeitung mechanischer Teile f\u00fcr den Schwerlastfahrzeugsektor"},"content":{"rendered":"<div class=\"wpb-content-wrapper\"><p>[vc_row el_class=&#8220;margin-top-neg&#8220;][vc_column][vc_empty_space height=&#8220;16px&#8220;][vc_column_text]<\/p>\n<h2 class=\"titre titre-fond-orange\">Pr\u00e4zisionsteile und Baugruppen f\u00fcr schwere Nutzfahrzeuge<\/h2>\n<p>[\/vc_column_text][vc_row_inner][vc_column_inner width=&#8220;1\/2&#8243;][vc_column_text]Wir begleiten f\u00fchrende Lkw-Hersteller und europ\u00e4ische Zulieferer bei der Pr\u00e4zisionsbearbeitung mechanischer Bauteile.<br \/>\nAls <a href=\"https:\/\/www.martin-joseph.com\/de\/bearbeitung-nachbearbeitung-eines-teils.html\">Spezialisten f\u00fcr Dreharbeiten mit Durchmessern von 0,5 bis 32 mm<\/a> produzieren wir Klein-, Mittel- und Gro\u00dfserien durch die Kombination von klassischer Mehrspindeltechnik und moderner CNC-Bearbeitung.<\/p>\n<p>Unsere anerkannte Erfahrung in der <a href=\"https:\/\/www.martin-joseph.com\/de\/automobilsektor.html\">Automobilindustrie<\/a>, verbunden mit der Flexibilit\u00e4t eines <a href=\"https:\/\/www.martin-joseph.com\/de\/unternehmen-joseph-martin.html\">familiengef\u00fchrten<\/a> Unternehmens, erm\u00f6glicht uns, wettbewerbsf\u00e4hige und kosteneffiziente L\u00f6sungen anzubieten \u2013 bei h\u00f6chster Qualit\u00e4t und Zuverl\u00e4ssigkeit.[\/vc_column_text][vc_column_text]Anwendungen f\u00fcr Lkw, Busse und Nutzfahrzeuge<\/p>\n<ul>\n<li><a href=\"https:\/\/www.martin-joseph.com\/de\/drehen-teilen-systeme-reduktion-schadstoffemission.html\">Abgasnachbehandlungssysteme<\/a>: Rohre, Geh\u00e4use, D\u00fcsen, Achsen und Dichtungen f\u00fcr schwere Motoren, entwickelt zur Erf\u00fcllung aktueller Umweltstandards.<\/li>\n<li>Alternative Antriebe: Pr\u00e4zisionsbauteile f\u00fcr Wasserstoffsysteme \u2013 ein Beitrag zur Energiewende und zu gr\u00f6\u00dferer Fahrzeugautonomie.<\/li>\n<li><a href=\"https:\/\/www.martin-joseph.com\/de\/schneiden-teilen-kfz-getriebe.html\">Getriebe<\/a>&#8211; und Fluidtechnik: Achsen, Ventile sowie hydraulische und Regelkomponenten mit engen Toleranzen f\u00fcr maximale Leistung.<\/li>\n<li>Bremssysteme: Steuerachsen, Kolben und Pr\u00e4zisionsteile aus Spezialstahl oder Aluminium f\u00fcr pneumatische und hydraulische Bremssysteme \u2013 f\u00fcr h\u00f6chste Sicherheit und Zuverl\u00e4ssigkeit.<\/li>\n<li><a href=\"https:\/\/www.martin-joseph.com\/de\/hersteller-bearbeiteten-teilen-stossdampfer-intelligenten-dampfungssystemen.html\">Fahrwerks- und Federungssysteme<\/a>: Gelenkk\u00f6pfe, Buchsen, Distanzst\u00fccke und Halterungen, pr\u00e4zise gefertigt f\u00fcr Fahrkomfort und Fahrstabilit\u00e4t schwerer Nutzfahrzeuge.<\/li>\n<\/ul>\n<p>[\/vc_column_text][\/vc_column_inner][vc_column_inner width=&#8220;1\/2&#8243;][vc_single_image image=&#8220;5856&#8243; img_size=&#8220;full&#8220; css_animation=&#8220;fadeInRight&#8220;][\/vc_column_inner][\/vc_row_inner][\/vc_column][\/vc_row][vc_row el_class=&#8220;margin-top-neg&#8220;][vc_column][vc_empty_space height=&#8220;16px&#8220;][vc_column_text]<\/p>\n<h2 class=\"titre titre-droite titre-fond-bleu\" style=\"text-align: right;\">Zertifizierte Qualit\u00e4t und Zuverl\u00e4ssigkeit (IATF 16949)<\/h2>\n<p>[\/vc_column_text][vc_row_inner][vc_column_inner width=&#8220;1\/2&#8243;][vc_single_image image=&#8220;5857&#8243; img_size=&#8220;full&#8220; css_animation=&#8220;fadeInLeft&#8220;][\/vc_column_inner][vc_column_inner width=&#8220;1\/2&#8243;][vc_column_text]<\/p>\n<p style=\"text-align: right;\">Unser leistungsstarker <a href=\"https:\/\/www.martin-joseph.com\/de\/herstellungsmittel.html\">Maschinenpark<\/a> (CNC-Mehrspindeldrehautomaten, Einspindelmaschinen, automatisierte Linien) garantiert Pr\u00e4zision, Reaktionsf\u00e4higkeit und hohe Produktionsgeschwindigkeit.<\/p>\n<p style=\"text-align: right;\">Unsere integrierte <a href=\"https:\/\/www.martin-joseph.com\/de\/kontrolle-des-werkstucks.html\">Qualit\u00e4tssicherung<\/a> umfasst 100 %-Kontrolle, Kamerapr\u00fcfung, Laser- und Wirbelstrommessung sowie Drehmoment- und Dichtheitspr\u00fcfungen \u2013 mit dem Ziel Null-Fehler-Produktion (~2 ppm).<\/p>\n<p style=\"text-align: right;\">Die vollst\u00e4ndige R\u00fcckverfolgbarkeit wird durch ein leistungsf\u00e4higes IT-System gew\u00e4hrleistet \u2013 in einem Umfeld, das nach ISO 9001, ISO 14001 und IATF 16949 <a href=\"https:\/\/www.martin-joseph.com\/de\/zertifizierungen.html\">zertifiziert<\/a> ist.<\/p>\n<p>[\/vc_column_text][\/vc_column_inner][\/vc_row_inner][\/vc_column][\/vc_row][vc_row][vc_column][vc_column_text css_animation=&#8220;fadeInDown&#8220; el_class=&#8220;grosse-baseline&#8220;]<\/p>\n<p style=\"text-align: center;\"><strong>Suchen Sie einen Partner f\u00fcr die Bearbeitung Ihrer Schwerlastteile? Kontaktieren Sie unsere Teams!<\/strong><\/p>\n<p>[\/vc_column_text][vc_btn title=&#8220;Preisanfrage&#8220; style=&#8220;custom&#8220; custom_background=&#8220;#ff7e00&#8243; custom_text=&#8220;#ffffff&#8220; shape=&#8220;square&#8220; size=&#8220;lg&#8220; align=&#8220;center&#8220; css_animation=&#8220;fadeInDown&#8220; link=&#8220;url:%2Fde%2Fkontakt.html&#8220;][\/vc_column][\/vc_row][vc_row el_class=&#8220;margin-top-neg&#8220;][vc_column][vc_empty_space height=&#8220;16px&#8220;][vc_column_text]<\/p>\n<h2 class=\"titre titre-fond-orange\">Engineering und ma\u00dfgeschneiderte Industrialisierung<\/h2>\n<p>[\/vc_column_text][vc_row_inner][vc_column_inner width=&#8220;1\/2&#8243;][vc_column_text]Bereits in der Konstruktionsphase unterst\u00fctzt Sie unser <a href=\"https:\/\/www.martin-joseph.com\/de\/bearbeitungs-ingenieurburo.html\">Technisches B\u00fcro<\/a> bei:<\/p>\n<ul>\n<li>Auswahl geeigneter <a href=\"https:\/\/www.martin-joseph.com\/de\/bearbeitetes-material.html\">Werkstoffe<\/a> (Stahl, Edelstahl, Aluminium, Verbundwerkstoffe)<\/li>\n<li>Machbarkeitsstudien<\/li>\n<li>Entwicklung spezieller Werkzeuge<\/li>\n<li>Prototyping bis zur Serienproduktion<\/li>\n<\/ul>\n<p>Ihre Projekte werden nach APQP-Methoden geplant, mit einem kontrollierten Hochlauf.<br \/>\nDank unserer Erfahrung mit den langen Produktionszyklen der Lkw-Industrie sichern wir eine stabile Planung und die Einhaltung aller Meilensteine \u2013 von der Industrialisierung bis zur Serienlieferung.[\/vc_column_text][\/vc_column_inner][vc_column_inner width=&#8220;1\/2&#8243;][vc_single_image image=&#8220;5858&#8243; img_size=&#8220;full&#8220; css_animation=&#8220;fadeInRight&#8220;][\/vc_column_inner][\/vc_row_inner][\/vc_column][\/vc_row][vc_row el_class=&#8220;margin-top-neg&#8220;][vc_column][vc_empty_space height=&#8220;16px&#8220;][vc_column_text]<\/p>\n<h2 class=\"titre titre-droite titre-fond-bleu\" style=\"text-align: right;\">Montage und Endbearbeitung<\/h2>\n<p>[\/vc_column_text][vc_row_inner][vc_column_inner width=&#8220;1\/2&#8243;][vc_single_image image=&#8220;5859&#8243; img_size=&#8220;full&#8220; css_animation=&#8220;fadeInLeft&#8220;][\/vc_column_inner][vc_column_inner width=&#8220;1\/2&#8243;][vc_column_text]<\/p>\n<p style=\"text-align: right;\">Wir \u00fcbernehmen auch <a href=\"https:\/\/www.martin-joseph.com\/de\/zusammenbau-von-bearbeiteten-teilen.html\">Montagearbeiten <\/a>(Crimpen, F\u00fcgen, Drehmoment-, Kraft- und Hubkontrolle) sowie Endbearbeitungen wie Sortieren, Ultraschallreinigung, Gleitschleifen, <a href=\"https:\/\/www.martin-joseph.com\/de\/laserschweisen-bearbeitetes-werkstuck.html\">Laserschwei\u00dfen<\/a>, Schleifen oder L\u00e4ppen.<\/p>\n<p style=\"text-align: right;\">Ihre Bauteile sind einsatzbereit bei Lieferung und entsprechen den strengsten Qualit\u00e4tsanforderungen.<\/p>\n<p>[\/vc_column_text][\/vc_column_inner][\/vc_row_inner][\/vc_column][\/vc_row][vc_row el_class=&#8220;margin-top-neg&#8220;][vc_column][vc_empty_space height=&#8220;16px&#8220;][vc_column_text]<\/p>\n<h2 class=\"titre titre-fond-orange\">Nachhaltigkeit und verantwortungsvolle Produktion<\/h2>\n<p>[\/vc_column_text][vc_row_inner][vc_column_inner width=&#8220;1\/2&#8243;][vc_column_text]Unsere nach ISO 14001 zertifizierte CSR-Strategie zeigt sich in \u00f6kologischen Investitionen wie L\u00e4rmschutzmodulen, W\u00e4rmer\u00fcckgewinnung, Abwasserbehandlung und der Zusammenarbeit mit regionalen Partnern.<\/p>\n<p>So verbinden wir industrielle Leistungsf\u00e4higkeit mit \u00f6kologischer Verantwortung \u2013 im Dienst Ihrer Projekte im Bereich Nutzfahrzeuge und Lkw.[\/vc_column_text][\/vc_column_inner][vc_column_inner width=&#8220;1\/2&#8243;][vc_single_image image=&#8220;5860&#8243; img_size=&#8220;full&#8220; css_animation=&#8220;fadeInRight&#8220;][\/vc_column_inner][\/vc_row_inner][\/vc_column][\/vc_row][vc_row][vc_column][vc_column_text css_animation=&#8220;fadeInDown&#8220; el_class=&#8220;grosse-baseline&#8220;]<\/p>\n<p style=\"text-align: center;\"><strong>Suchen Sie einen Partner f\u00fcr die Bearbeitung Ihrer Schwerlastteile? Kontaktieren Sie unsere Teams!<\/strong><\/p>\n<p>[\/vc_column_text][vc_btn title=&#8220;Preisanfrage&#8220; style=&#8220;custom&#8220; custom_background=&#8220;#ff7e00&#8243; custom_text=&#8220;#ffffff&#8220; shape=&#8220;square&#8220; size=&#8220;lg&#8220; align=&#8220;center&#8220; css_animation=&#8220;fadeInDown&#8220; link=&#8220;url:%2Fde%2Fkontakt.html&#8220;][\/vc_column][\/vc_row]<\/p>\n<\/div>","protected":false},"excerpt":{"rendered":"<p>[vc_row el_class=&#8220;margin-top-neg&#8220;][vc_column][vc_empty_space height=&#8220;16px&#8220;][vc_column_text] Pr\u00e4zisionsteile und Baugruppen f\u00fcr schwere Nutzfahrzeuge [\/vc_column_text][vc_row_inner][vc_column_inner width=&#8220;1\/2&#8243;][vc_column_text]Wir begleiten f\u00fchrende Lkw-Hersteller und europ\u00e4ische Zulieferer bei der Pr\u00e4zisionsbearbeitung mechanischer Bauteile. Als Spezialisten f\u00fcr Dreharbeiten<span class=\"excerpt-hellip\"> [\u2026]<\/span><\/p>\n","protected":false},"author":1,"featured_media":0,"parent":0,"menu_order":0,"comment_status":"closed","ping_status":"closed","template":"","meta":{"footnotes":""},"offres_emplois":[],"type_de_contrat_":[],"categorie_emplois":[],"class_list":["post-5326","page","type-page","status-publish","hentry"],"_links":{"self":[{"href":"https:\/\/www.martin-joseph.com\/de\/wp-json\/wp\/v2\/pages\/5326","targetHints":{"allow":["GET"]}}],"collection":[{"href":"https:\/\/www.martin-joseph.com\/de\/wp-json\/wp\/v2\/pages"}],"about":[{"href":"https:\/\/www.martin-joseph.com\/de\/wp-json\/wp\/v2\/types\/page"}],"author":[{"embeddable":true,"href":"https:\/\/www.martin-joseph.com\/de\/wp-json\/wp\/v2\/users\/1"}],"replies":[{"embeddable":true,"href":"https:\/\/www.martin-joseph.com\/de\/wp-json\/wp\/v2\/comments?post=5326"}],"version-history":[{"count":0,"href":"https:\/\/www.martin-joseph.com\/de\/wp-json\/wp\/v2\/pages\/5326\/revisions"}],"wp:attachment":[{"href":"https:\/\/www.martin-joseph.com\/de\/wp-json\/wp\/v2\/media?parent=5326"}],"wp:term":[{"taxonomy":"offres_emplois","embeddable":true,"href":"https:\/\/www.martin-joseph.com\/de\/wp-json\/wp\/v2\/offres_emplois?post=5326"},{"taxonomy":"type_de_contrat_","embeddable":true,"href":"https:\/\/www.martin-joseph.com\/de\/wp-json\/wp\/v2\/type_de_contrat_?post=5326"},{"taxonomy":"categorie_emplois","embeddable":true,"href":"https:\/\/www.martin-joseph.com\/de\/wp-json\/wp\/v2\/categorie_emplois?post=5326"}],"curies":[{"name":"wp","href":"https:\/\/api.w.org\/{rel}","templated":true}]}}