{"id":4984,"date":"2023-07-06T15:28:05","date_gmt":"2023-07-06T13:28:05","guid":{"rendered":"https:\/\/www.martin-joseph.com\/de\/?page_id=4984"},"modified":"2025-07-30T16:18:45","modified_gmt":"2025-07-30T14:18:45","slug":"bearbeitung-mechanisches-teil-sektor-e-mobilitat","status":"publish","type":"page","link":"https:\/\/www.martin-joseph.com\/de\/bearbeitung-mechanisches-teil-sektor-e-mobilitat.html","title":{"rendered":"Elektromobilit\u00e4t"},"content":{"rendered":"<div class=\"wpb-content-wrapper\"><p>[vc_row][vc_column offset=&#8220;vc_hidden-xs&#8220;][vc_empty_space][\/vc_column][\/vc_row][vc_row el_class=&#8220;margin-top-neg&#8220;][vc_column][vc_column_text]<\/p>\n<p class=\"titre titre-fond-orange\"><span class=\"premier-mot\">E-Mobilit\u00e4t<\/span><\/p>\n<p>[\/vc_column_text][vc_column_text el_class=&#8220;titre-h2-baseline&#8220;]<\/p>\n<h2>Pr\u00e4zisionsdrehen von Stangen f\u00fcr Teile der E-Mobilit\u00e4t<\/h2>\n<p>[\/vc_column_text][\/vc_column][\/vc_row][vc_row][vc_column width=&#8220;1\/2&#8243;][vc_column_text el_class=&#8220;block-encart-txt&#8220;]F\u00fcr heute und morgen nutzen wir unser Know-how und unsere Expertise im Bereich der Zerspanung, um unseren Beitrag zur Weiterentwicklung und Elektrifizierung unserer Transportmittel zu leisten.[\/vc_column_text][\/vc_column][vc_column width=&#8220;1\/2&#8243; css=&#8220;.vc_custom_1680264287818{margin-top: 0px !important;margin-right: 0px !important;margin-bottom: 0px !important;margin-left: 0px !important;padding-top: 0px !important;padding-right: 0px !important;padding-bottom: 0px !important;padding-left: 0px !important;}&#8220;][vc_single_image image=&#8220;4987&#8243; img_size=&#8220;full&#8220; css_animation=&#8220;fadeInRight&#8220;][\/vc_column][\/vc_row][vc_row][vc_column][vc_column_text el_class=&#8220;grosse-baseline&#8220;]<\/p>\n<p style=\"text-align: center;\">EIN BEDARF, EINE FRAGE? UNSERE EXPERTE STEHEN IHNEN ZU VERF\u00dcGUNG<\/p>\n<p>[\/vc_column_text][vc_btn title=&#8220;Preisanfrage&#8220; style=&#8220;custom&#8220; custom_background=&#8220;#ff7e00&#8243; custom_text=&#8220;#ffffff&#8220; shape=&#8220;square&#8220; size=&#8220;lg&#8220; align=&#8220;center&#8220; link=&#8220;url:%2Fde%2Fkontakt.html&#8220;][\/vc_column][\/vc_row]<\/p>\n<\/div>","protected":false},"excerpt":{"rendered":"<p>[vc_row][vc_column offset=&#8220;vc_hidden-xs&#8220;][vc_empty_space][\/vc_column][\/vc_row][vc_row el_class=&#8220;margin-top-neg&#8220;][vc_column][vc_column_text] E-Mobilit\u00e4t [\/vc_column_text][vc_column_text el_class=&#8220;titre-h2-baseline&#8220;] Pr\u00e4zisionsdrehen von Stangen f\u00fcr Teile der E-Mobilit\u00e4t [\/vc_column_text][\/vc_column][\/vc_row][vc_row][vc_column width=&#8220;1\/2&#8243;][vc_column_text el_class=&#8220;block-encart-txt&#8220;]F\u00fcr heute und morgen nutzen wir unser Know-how und unsere Expertise<span class=\"excerpt-hellip\"> [\u2026]<\/span><\/p>\n","protected":false},"author":1,"featured_media":0,"parent":0,"menu_order":0,"comment_status":"closed","ping_status":"closed","template":"","meta":{"footnotes":""},"offres_emplois":[],"type_de_contrat_":[],"categorie_emplois":[],"class_list":["post-4984","page","type-page","status-publish","hentry"],"_links":{"self":[{"href":"https:\/\/www.martin-joseph.com\/de\/wp-json\/wp\/v2\/pages\/4984","targetHints":{"allow":["GET"]}}],"collection":[{"href":"https:\/\/www.martin-joseph.com\/de\/wp-json\/wp\/v2\/pages"}],"about":[{"href":"https:\/\/www.martin-joseph.com\/de\/wp-json\/wp\/v2\/types\/page"}],"author":[{"embeddable":true,"href":"https:\/\/www.martin-joseph.com\/de\/wp-json\/wp\/v2\/users\/1"}],"replies":[{"embeddable":true,"href":"https:\/\/www.martin-joseph.com\/de\/wp-json\/wp\/v2\/comments?post=4984"}],"version-history":[{"count":0,"href":"https:\/\/www.martin-joseph.com\/de\/wp-json\/wp\/v2\/pages\/4984\/revisions"}],"wp:attachment":[{"href":"https:\/\/www.martin-joseph.com\/de\/wp-json\/wp\/v2\/media?parent=4984"}],"wp:term":[{"taxonomy":"offres_emplois","embeddable":true,"href":"https:\/\/www.martin-joseph.com\/de\/wp-json\/wp\/v2\/offres_emplois?post=4984"},{"taxonomy":"type_de_contrat_","embeddable":true,"href":"https:\/\/www.martin-joseph.com\/de\/wp-json\/wp\/v2\/type_de_contrat_?post=4984"},{"taxonomy":"categorie_emplois","embeddable":true,"href":"https:\/\/www.martin-joseph.com\/de\/wp-json\/wp\/v2\/categorie_emplois?post=4984"}],"curies":[{"name":"wp","href":"https:\/\/api.w.org\/{rel}","templated":true}]}}