{"id":4964,"date":"2023-07-06T11:56:07","date_gmt":"2023-07-06T09:56:07","guid":{"rendered":"https:\/\/www.martin-joseph.com\/de\/?page_id=4964"},"modified":"2023-11-13T16:08:46","modified_gmt":"2023-11-13T15:08:46","slug":"personalpolitik","status":"publish","type":"page","link":"https:\/\/www.martin-joseph.com\/de\/personalpolitik.html","title":{"rendered":"Notre politique RH"},"content":{"rendered":"<div class=\"wpb-content-wrapper\"><p>[vc_row][vc_column width=&#8220;1\/4&#8243;][\/vc_column][vc_column width=&#8220;1\/2&#8243;][vc_column_text]<\/p>\n<p style=\"text-align: center;\">Joseph Martin stellt den Menschen in den Mittelpunkt seiner globalen Personalpolitik.<\/p>\n<p>[\/vc_column_text][\/vc_column][vc_column width=&#8220;1\/4&#8243;][\/vc_column][\/vc_row][vc_row][vc_column][\/vc_column][\/vc_row][vc_row content_placement=&#8220;middle&#8220;][vc_column width=&#8220;1\/2&#8243;][vc_column_text el_class=&#8220;texte-grand txt-violet&#8220;]Wagen Sie eine Berufsumschulung! [\/vc_column_text][vc_column_text]<span class=\"fort\">Werden Sie Maschinen- Bediener, -Einrichter.<\/span><\/p>\n<p>Wir unterst\u00fctzen Sie bei Ihrem Projekt mit \u201eAlp\u00e8ge Horizon\u201c.<\/p>\n<p>Machen Sie die Kompetenztests (Anwerbung ohne Lebenslauf).<\/p>\n<ul>\n<li>Bezahlte Schulungen, die zu einer Zertifizierung und Qualifizierung f\u00fchren (QUALIFIKATIONSBESCHEINIGUNG).<\/li>\n<li>Pers\u00f6nliche Betreuung in unseren Teams durch einen Tutor und 8 Wochen theoretischer Ausbildung.<\/li>\n<\/ul>\n<p>Die Berufsumschulung bietet allen, die diesen vielversprechenden Sektor erkunden m\u00f6chten, die Chance auf eine neue Karriere.<\/p>\n<p>Unser Ziel ist es, Sie erfolgreich zu machen![\/vc_column_text][\/vc_column][vc_column width=&#8220;1\/2&#8243;][vc_single_image image=&#8220;5694&#8243; img_size=&#8220;full&#8220; alignment=&#8220;center&#8220;][\/vc_column][\/vc_row][vc_row][vc_column][vc_empty_space][\/vc_column][\/vc_row][vc_row content_placement=&#8220;middle&#8220;][vc_column width=&#8220;1\/2&#8243;][vc_single_image image=&#8220;5637&#8243; img_size=&#8220;full&#8220;][\/vc_column][vc_column width=&#8220;1\/2&#8243;][vc_column_text el_class=&#8220;texte-grand txt-violet&#8220;]<\/p>\n<p style=\"text-align: right;\">F\u00f6rderung unserer Berufe bei jungen Menschen<\/p>\n<p>[\/vc_column_text][vc_column_text]Um sein Know-how weiterzugeben und die Besch\u00e4ftigung im Arve-Tal zu erhalten, engagiert sich Joseph Martin durch verschiedene Aktionen f\u00fcr die F\u00f6rderung der verschiedenen Berufe der Industrie und Automatendrehen:<\/p>\n<ul>\n<li>Besuche unserer Standorte f\u00fcr Sch\u00fcler vom Gymnasium (von der 9. bis T13. Stufe), in Zusammenarbeit mit lokalen Schulen,<\/li>\n<li>Teilnahme an Veranstaltungen wie &#8222;Com les pros&#8220; oder &#8222;Indus&#8217;Tour&#8220; mit dem Ziel, unsere verschiedenen Berufe einer breiten \u00d6ffentlichkeit vorzustellen,<\/li>\n<li>Intervention bei Gymnasiasten, um unsere Berufe w\u00e4hrend der Woche der Industrie vorzustellen und zu f\u00f6rdern (Veranstaltung, die von der Gewerkschaftskammer der Metallindustrie und der BDI Haute-Savoie unterst\u00fctzt wird),<\/li>\n<li>Aufnahme von Praktikanten und Werkstudenten in <strong>der Ausbildung<\/strong> ab der 10. Klasse,<\/li>\n<\/ul>\n<p>[\/vc_column_text][\/vc_column][\/vc_row][vc_row content_placement=&#8220;middle&#8220;][vc_column width=&#8220;1\/2&#8243;][vc_column_text el_class=&#8220;texte-grand txt-violet&#8220;]F\u00f6rdern Sie ein angenehmes Arbeitsumfeld [\/vc_column_text][vc_column_text]Jeder profitiert von einer pers\u00f6nlichen Betreuung, sobald er seine Stelle antritt.<\/p>\n<p>Besonderen Wert legen wir auf:<\/p>\n<ul>\n<li>Die Instandhaltung unserer Ger\u00e4te und R\u00e4umlichkeiten, um unseren Mitarbeitern komfortable Arbeitsbedingungen zu bieten: w\u00f6chentliche Reinigung der Ger\u00e4te, regelm\u00e4\u00dfige Wartung der Arbeitsmittel, \u00d6labsaugung zur Vermeidung von \u00d6l Nebel, Reinigung der B\u00f6den, Klimatisierung der Werkst\u00e4tten usw.<\/li>\n<li>Methoden und Mittel, die den Qualit\u00e4tsanforderungen entsprechen: Dokumente an der Station, die mit den Messmitteln maschinell erstellt werden, APC-Software, 3D<\/li>\n<\/ul>\n<p>[\/vc_column_text][\/vc_column][vc_column width=&#8220;1\/2&#8243;][vc_column_text]<\/p>\n<p style=\"text-align: center;\"><style id=\"wp_carousel_dynamic_css5696\">.sp-wp-carousel-free-id-5696.wpcf-fancybox-wrapper .fancybox-bg{background: #0b0b0b;opacity: 0.8;}.sp-wp-carousel-free-id-5696.wpcf-fancybox-wrapper .fancybox-navigation .fancybox-button .wpcp-fancybox-nav-arrow i {color: #ccc;}.sp-wp-carousel-free-id-5696.wpcf-fancybox-wrapper .fancybox-navigation .fancybox-button .wpcp-fancybox-nav-arrow i:hover {color: #fff;}.sp-wp-carousel-free-id-5696.wpcf-fancybox-wrapper .fancybox-navigation .fancybox-button {background: #1e1e1e;}.sp-wp-carousel-free-id-5696.wpcf-fancybox-wrapper .fancybox-navigation .fancybox-button:hover {background: #1e1e1e;}#sp-wp-carousel-free-id-5696 .wpcp-swiper-dots {margin: 40px 0px 0px 0px;}.wpcp-wrapper-5696 .swiper-wrapper .swiper-slide-kenburn, .wpcp-wrapper-5696 .swiper-wrapper, .wpcp-wrapper-5696 .wpcpro-row{align-items: center;}#sp-wp-carousel-free-id-5696 .wpcp-single-item {box-shadow: 0px 0px 0px 0px #dddddd;transition: all .3s;margin: 0px;}#sp-wp-carousel-free-id-5696.swiper-flip .wpcp-single-item{margin: 0!important;}#sp-wp-carousel-free-id-5696 .wpcp-single-item:hover {box-shadow: 0px 0px 0px 0px #dddddd;}#sp-wp-carousel-free-id-5696.sp-wpcp-5696 .wpcp-single-item {border: 0px solid #dddddd;}#sp-wp-carousel-free-id-5696.wpcp-carousel-section.sp-wpcp-5696 .swiper-button-prev,#sp-wp-carousel-free-id-5696.wpcp-carousel-section.sp-wpcp-5696 .swiper-button-next,#sp-wp-carousel-free-id-5696.wpcp-carousel-section.sp-wpcp-5696 .swiper-button-prev:hover,#sp-wp-carousel-free-id-5696.wpcp-carousel-section.sp-wpcp-5696 .swiper-button-next:hover {font-size: 18px ; font-weight: 400;}#sp-wp-carousel-free-id-5696.sp-wpcp-5696 .swiper-button-prev,#sp-wp-carousel-free-id-5696.sp-wpcp-5696 .swiper-button-next,#sp-wp-carousel-free-id-5696.sp-wpcp-5696 .swiper-button-prev:hover,#sp-wp-carousel-free-id-5696.sp-wpcp-5696 .swiper-button-next:hover {background: none;border: none;font-size: 30px;}#sp-wp-carousel-free-id-5696.sp-wpcp-5696 .swiper-button-prev i,#sp-wp-carousel-free-id-5696.sp-wpcp-5696 .swiper-button-next i {color: #aaa;}#sp-wp-carousel-free-id-5696.sp-wpcp-5696 .swiper-button-prev i:hover,#sp-wp-carousel-free-id-5696.sp-wpcp-5696 .swiper-button-next i:hover {color: #178087;}#sp-wp-carousel-free-id-5696.sp-wpcp-5696 .wpcp-swiper-dots .swiper-pagination-bullet {background-color: #cccccc;}#sp-wp-carousel-free-id-5696.sp-wpcp-5696 .wpcp-swiper-dots .swiper-pagination-bullet.swiper-pagination-bullet-active {background-color: #178087;} #sp-wp-carousel-free-id-5696.sp-wpcp-5696.wpcp-image-carousel .wpcp-single-item:hover img, #sp-wp-carousel-free-id-5696.sp-wpcp-5696.wpcp-post-carousel .wpcp-single-item:hover img, #sp-wp-carousel-free-id-5696.sp-wpcp-5696.wpcp-product-carousel .wpcp-single-item:hover img{-webkit-transform: scale(1.2);-moz-transform: scale(1.2);transform: scale(1.2);}@media screen and (max-width: 479px) {#sp-wp-carousel-free-id-5696.nav-vertical-center {padding: 0;margin:0;}#sp-wp-carousel-free-id-5696.nav-vertical-center .wpcp-next-button,#sp-wp-carousel-free-id-5696.nav-vertical-center .wpcp-prev-button {display: none;}}#sp-wp-carousel-free-id-5696 .wpcpro-row>[class*=\"wpcpro-col-\"] { padding: 0 10px; padding-bottom: 20px;} #sp-wp-carousel-free-id-5696 .swiper-slide .single-item-fade:not(:last-child) { margin-right: 20px;}@media (min-width: 480px) { .wpcpro-row .wpcpro-col-sm-1 { flex: 0 0 100%; max-width: 100%; } .wpcpro-row .wpcpro-col-sm-2 { flex: 0 0 50%; max-width: 50%; } .wpcpro-row .wpcpro-col-sm-2-5 { flex: 0 0 75%; max-width: 75%; } .wpcpro-row .wpcpro-col-sm-3 { flex: 0 0 33.333%; max-width: 33.333%; } .wpcpro-row .wpcpro-col-sm-4 { flex: 0 0 25%; max-width: 25%; } .wpcpro-row .wpcpro-col-sm-5 { flex: 0 0 20%; max-width: 20%; } .wpcpro-row .wpcpro-col-sm-6 { flex: 0 0 16.66666666666667%; max-width: 16.66666666666667%; } .wpcpro-row .wpcpro-col-sm-7 { flex: 0 0 14.28571428%; max-width: 14.28571428%; } .wpcpro-row .wpcpro-col-sm-8 { flex: 0 0 12.5%; max-width: 12.5%; } } @media (max-width: 480px) { .wpcpro-row .wpcpro-col-xs-1 { flex: 0 0 100%; max-width: 100%; } .wpcpro-row .wpcpro-col-xs-2 { flex: 0 0 50%; max-width: 50%; } .wpcpro-row .wpcpro-col-xs-3 { flex: 0 0 33.222%; max-width: 33.222%; } .wpcpro-row .wpcpro-col-xs-4 { flex: 0 0 25%; max-width: 25%; } .wpcpro-row .wpcpro-col-xs-5 { flex: 0 0 20%; max-width: 20%; } .wpcpro-row .wpcpro-col-xs-6 { flex: 0 0 16.6667%; max-width: 16.6667%; } .wpcpro-row .wpcpro-col-xs-7 { flex: 0 0 14.28571428%; max-width: 14.28571428%; } .wpcpro-row .wpcpro-col-xs-8 { flex: 0 0 12.5%; max-width: 12.5%; } } @media (min-width: 736px) { .wpcpro-row .wpcpro-col-md-1 { flex: 0 0 100%; max-width: 100%; } .wpcpro-row .wpcpro-col-md-2 { flex: 0 0 50%; max-width: 50%; } .wpcpro-row .wpcpro-col-md-2-5 { flex: 0 0 75%; max-width: 75%; } .wpcpro-row .wpcpro-col-md-3 { flex: 0 0 33.333%; max-width: 33.333%; } .wpcpro-row .wpcpro-col-md-4 { flex: 0 0 25%; max-width: 25%; } .wpcpro-row .wpcpro-col-md-5 { flex: 0 0 20%; max-width: 20%; } .wpcpro-row .wpcpro-col-md-6 { flex: 0 0 16.66666666666667%; max-width: 16.66666666666667%; } .wpcpro-row .wpcpro-col-md-7 { flex: 0 0 14.28571428%; max-width: 14.28571428%; } .wpcpro-row .wpcpro-col-md-8 { flex: 0 0 12.5%; max-width: 12.5%; } } @media (min-width: 980px) { .wpcpro-row .wpcpro-col-lg-1 { flex: 0 0 100%; max-width: 100%; } .wpcpro-row .wpcpro-col-lg-2 { flex: 0 0 50%; max-width: 50%; } .wpcpro-row .wpcpro-col-lg-3 { flex: 0 0 33.222%; max-width: 33.222%; } .wpcpro-row .wpcpro-col-lg-4 { flex: 0 0 25%; max-width: 25%; } .wpcpro-row .wpcpro-col-lg-5 { flex: 0 0 20%; max-width: 20%; } .wpcpro-row .wpcpro-col-lg-6 { flex: 0 0 16.6667%; max-width: 16.6667%; } .wpcpro-row .wpcpro-col-lg-7 { flex: 0 0 14.28571428%; max-width: 14.28571428%; } .wpcpro-row .wpcpro-col-lg-8 { flex: 0 0 12.5%; max-width: 12.5%; } } @media (min-width: 1200px) { .wpcpro-row .wpcpro-col-xl-1 { flex: 0 0 100%; max-width: 100%; } .wpcpro-row .wpcpro-col-xl-2 { flex: 0 0 50%; max-width: 50%; } .wpcpro-row .wpcpro-col-xl-3 { flex: 0 0 33.22222222%; max-width: 33.22222222%; } .wpcpro-row .wpcpro-col-xl-4 { flex: 0 0 25%; max-width: 25%; } .wpcpro-row .wpcpro-col-xl-5 { flex: 0 0 20%; max-width: 20%; } .wpcpro-row .wpcpro-col-xl-6 { flex: 0 0 16.66667%; max-width: 16.66667%; } .wpcpro-row .wpcpro-col-xl-7 { flex: 0 0 14.28571428%; max-width: 14.28571428%; } .wpcpro-row .wpcpro-col-xl-8 { flex: 0 0 12.5%; max-width: 12.5%; } }<\/style><div class=\"wpcp-carousel-wrapper wpcp-wrapper-5696\">\n\t<div id=\"wpcp-preloader-5696\" class=\"wpcp-carousel-preloader\"><img decoding=\"async\" src=\"https:\/\/www.martin-joseph.com\/de\/wp-content\/plugins\/wp-carousel-free\/public\/css\/spinner.svg\" alt=\"Preloader Image\" \/><\/div>\t<div class=\"wpcp-carousel-content-wrapper\">\n\t<div id=\"sp-wp-carousel-free-id-5696\" class=\"wpcp-carousel-section sp-wpcp-5696  nav-vertical-center wpcp-image-carousel wpcp-preloader wpcp-standard\" data-swiper='{ &quot;pagination_type&quot;: &quot;dots&quot;,&quot;accessibility&quot;:true, &quot;spaceBetween&quot;:20, &quot;arrows&quot;:true, &quot;freeMode&quot;: false, &quot;autoplay&quot;:true, &quot;effect&quot;: &quot;&quot;, &quot;centerMode&quot;: false, &quot;autoplaySpeed&quot;:3000, &quot;dots&quot;:true, &quot;infinite&quot;:true, &quot;speed&quot;:600, &quot;pauseOnHover&quot;:true,\n\t\t\t&quot;slidesToShow&quot;:{&quot;lg_desktop&quot;:1, &quot;desktop&quot;: 1, &quot;laptop&quot;: 1, &quot;tablet&quot;: 1, &quot;mobile&quot;: 1}, &quot;responsive&quot;:{&quot;desktop&quot;:1200, &quot;laptop&quot;: 980, &quot;tablet&quot;: 736, &quot;mobile&quot;: 480}, &quot;rtl&quot;:false, &quot;lazyLoad&quot;: &quot;false&quot;, &quot;swipe&quot;: true, &quot;draggable&quot;: true, &quot;swipeToSlide&quot;:false }' dir=\"ltr\">\n\t\t<div class=\"swiper-wrapper\">\n\t\t<div class=\"swiper-slide\">\n\t<div class=\"wpcp-single-item\">\n\t\t\t<a class=\"wcp-light-box\" data-buttons='[\"close\"]' data-wpc_url='https:\/\/www.martin-joseph.com\/de\/wp-content\/uploads\/sites\/8\/2024\/10\/mj-1.jpg' href=\"https:\/\/www.martin-joseph.com\/de\/wp-content\/uploads\/sites\/8\/2024\/10\/mj-1.jpg\" data-fancybox=\"wpcp_view\">\n\t\t<figure>\n\t\t\t<img loading=\"lazy\" decoding=\"async\" class=\"skip-lazy\" src=\"https:\/\/www.martin-joseph.com\/de\/wp-content\/uploads\/sites\/8\/2024\/10\/mj-1.jpg\" alt=\"\" width=\"550\" height=\"367\">\t\t<\/figure>\n\t<\/a>\n\t\t<\/div>\n<\/div>\n\t<div class=\"swiper-slide\">\n\t<div class=\"wpcp-single-item\">\n\t\t\t<a class=\"wcp-light-box\" data-buttons='[\"close\"]' data-wpc_url='https:\/\/www.martin-joseph.com\/de\/wp-content\/uploads\/sites\/8\/2023\/11\/mj.jpg' href=\"https:\/\/www.martin-joseph.com\/de\/wp-content\/uploads\/sites\/8\/2023\/11\/mj.jpg\" data-fancybox=\"wpcp_view\">\n\t\t<figure>\n\t\t\t<img loading=\"lazy\" decoding=\"async\" class=\"skip-lazy\" src=\"https:\/\/www.martin-joseph.com\/de\/wp-content\/uploads\/sites\/8\/2023\/11\/mj.jpg\" alt=\"\" width=\"603\" height=\"400\">\t\t<\/figure>\n\t<\/a>\n\t\t<\/div>\n<\/div>\n\t<div class=\"swiper-slide\">\n\t<div class=\"wpcp-single-item\">\n\t\t\t<a class=\"wcp-light-box\" data-buttons='[\"close\"]' data-wpc_url='https:\/\/www.martin-joseph.com\/de\/wp-content\/uploads\/sites\/8\/2024\/10\/mj.jpg' href=\"https:\/\/www.martin-joseph.com\/de\/wp-content\/uploads\/sites\/8\/2024\/10\/mj.jpg\" data-fancybox=\"wpcp_view\">\n\t\t<figure>\n\t\t\t<img loading=\"lazy\" decoding=\"async\" class=\"skip-lazy\" src=\"https:\/\/www.martin-joseph.com\/de\/wp-content\/uploads\/sites\/8\/2024\/10\/mj.jpg\" alt=\"\" width=\"550\" height=\"367\">\t\t<\/figure>\n\t<\/a>\n\t\t<\/div>\n<\/div>\n\t\t\t<\/div>\n\t\t\t\t\t<div class=\"wpcp-swiper-dots swiper-pagination\"><\/div>\n\t\t\t\t<!-- If we need navigation buttons -->\n\t\t\t\t\t<div class=\"wpcp-prev-button swiper-button-prev\"><i class=\"fa fa-angle-left\"><\/i><\/div>\n\t\t\t<div class=\"wpcp-next-button swiper-button-next\"><i class=\"fa fa-angle-right\"><\/i><\/div>\n\t\t\t<\/div>\n\t<\/div>\n<\/div>\n<p>[\/vc_column_text][\/vc_column][\/vc_row][vc_row][vc_column][vc_empty_space][\/vc_column][\/vc_row][vc_row content_placement=&#8220;middle&#8220;][vc_column width=&#8220;1\/2&#8243;][vc_single_image image=&#8220;5695&#8243; img_size=&#8220;full&#8220; alignment=&#8220;center&#8220;][\/vc_column][vc_column width=&#8220;1\/2&#8243;][vc_column_text el_class=&#8220;texte-grand txt-violet&#8220;]<\/p>\n<p style=\"text-align: right;\">Unterst\u00fctzung bei der Entwicklung unserer Teams<\/p>\n<p>[\/vc_column_text][vc_column_text]Bei Joseph Martin sorgen wir f\u00fcr die Entwicklung von F\u00e4higkeiten und die Bindung unserer Mitarbeiter an unser Unternehmen (interne und externe Schulungen, Professionalisierungsvertr\u00e4ge, GPEC usw.).<\/p>\n<p>Wir haben immer darauf geachtet, unsere Mitarbeiter intern zu entwickeln und zu f\u00f6rdern, um sie w\u00e4hrend ihres gesamten Berufslebens zu unterst\u00fctzen.<\/p>\n<p>Dar\u00fcber hinaus arbeitet das Unternehmen daran, Frauen im Rahmen seiner Vereinbarung zur beruflichen Gleichstellung von Frauen und M\u00e4nnern weiter zu f\u00f6rdern.[\/vc_column_text][vc_single_image image=&#8220;5702&#8243; img_size=&#8220;full&#8220; alignment=&#8220;center&#8220;][vc_btn title=&#8220;Siehe Aktionsplan 2023&#8243; style=&#8220;custom&#8220; custom_background=&#8220;#003e90&#8243; custom_text=&#8220;#ffffff&#8220; shape=&#8220;square&#8220; size=&#8220;lg&#8220; align=&#8220;left&#8220; link=&#8220;url:%2Fwp-content%2Fuploads%2F2023%2F11%2FPlan-daction-HF.pdf&#8220;][\/vc_column][\/vc_row][vc_row][vc_column][vc_empty_space][\/vc_column][\/vc_row][vc_row][vc_column width=&#8220;1\/3&#8243;][vc_column_text el_class=&#8220;titre-chiffre&#8220;]<\/p>\n<p style=\"text-align: center;\">190<\/p>\n<p>[\/vc_column_text][vc_column_text el_class=&#8220;ss-titre-chiffre&#8220;]<\/p>\n<p style=\"text-align: center;\">Mitarbeiter<\/p>\n<p>[\/vc_column_text][\/vc_column][vc_column width=&#8220;1\/3&#8243;][vc_column_text el_class=&#8220;titre-chiffre&#8220;]<\/p>\n<p style=\"text-align: center;\">8\/10<\/p>\n<p>[\/vc_column_text][vc_column_text el_class=&#8220;ss-titre-chiffre&#8220;]<\/p>\n<p style=\"text-align: center;\">nach einer Umschulung eingestellt<\/p>\n<p>[\/vc_column_text][\/vc_column][vc_column width=&#8220;1\/3&#8243;][vc_column_text el_class=&#8220;titre-chiffre&#8220;]<\/p>\n<p style=\"text-align: center;\">37%<\/p>\n<p>[\/vc_column_text][vc_column_text el_class=&#8220;ss-titre-chiffre&#8220;]<\/p>\n<p style=\"text-align: center;\">Frauen f\u00fcr 67% M\u00e4nner<\/p>\n<p>[\/vc_column_text][\/vc_column][\/vc_row][vc_row][vc_column][vc_empty_space][\/vc_column][\/vc_row][vc_row][vc_column][vc_column_text el_class=&#8220;texte-grand txt-violet&#8220;]Willst du mitmachen?<br \/>\n[\/vc_column_text][\/vc_column][\/vc_row]<\/p>\n<\/div>","protected":false},"excerpt":{"rendered":"<p>[vc_row][vc_column width=&#8220;1\/4&#8243;][\/vc_column][vc_column width=&#8220;1\/2&#8243;][vc_column_text] Joseph Martin stellt den Menschen in den Mittelpunkt seiner globalen Personalpolitik. [\/vc_column_text][\/vc_column][vc_column width=&#8220;1\/4&#8243;][\/vc_column][\/vc_row][vc_row][vc_column][\/vc_column][\/vc_row][vc_row content_placement=&#8220;middle&#8220;][vc_column width=&#8220;1\/2&#8243;][vc_column_text el_class=&#8220;texte-grand txt-violet&#8220;]Wagen Sie eine Berufsumschulung! [\/vc_column_text][vc_column_text]Werden Sie Maschinen-<span class=\"excerpt-hellip\"> [\u2026]<\/span><\/p>\n","protected":false},"author":1,"featured_media":0,"parent":0,"menu_order":0,"comment_status":"closed","ping_status":"closed","template":"","meta":{"footnotes":""},"offres_emplois":[],"type_de_contrat_":[],"categorie_emplois":[],"class_list":["post-4964","page","type-page","status-publish","hentry"],"_links":{"self":[{"href":"https:\/\/www.martin-joseph.com\/de\/wp-json\/wp\/v2\/pages\/4964","targetHints":{"allow":["GET"]}}],"collection":[{"href":"https:\/\/www.martin-joseph.com\/de\/wp-json\/wp\/v2\/pages"}],"about":[{"href":"https:\/\/www.martin-joseph.com\/de\/wp-json\/wp\/v2\/types\/page"}],"author":[{"embeddable":true,"href":"https:\/\/www.martin-joseph.com\/de\/wp-json\/wp\/v2\/users\/1"}],"replies":[{"embeddable":true,"href":"https:\/\/www.martin-joseph.com\/de\/wp-json\/wp\/v2\/comments?post=4964"}],"version-history":[{"count":0,"href":"https:\/\/www.martin-joseph.com\/de\/wp-json\/wp\/v2\/pages\/4964\/revisions"}],"wp:attachment":[{"href":"https:\/\/www.martin-joseph.com\/de\/wp-json\/wp\/v2\/media?parent=4964"}],"wp:term":[{"taxonomy":"offres_emplois","embeddable":true,"href":"https:\/\/www.martin-joseph.com\/de\/wp-json\/wp\/v2\/offres_emplois?post=4964"},{"taxonomy":"type_de_contrat_","embeddable":true,"href":"https:\/\/www.martin-joseph.com\/de\/wp-json\/wp\/v2\/type_de_contrat_?post=4964"},{"taxonomy":"categorie_emplois","embeddable":true,"href":"https:\/\/www.martin-joseph.com\/de\/wp-json\/wp\/v2\/categorie_emplois?post=4964"}],"curies":[{"name":"wp","href":"https:\/\/api.w.org\/{rel}","templated":true}]}}