{"id":4761,"date":"2023-05-15T10:25:23","date_gmt":"2023-05-15T08:25:23","guid":{"rendered":"https:\/\/www.martin-joseph.com\/de\/?page_id=4761"},"modified":"2025-04-24T11:38:03","modified_gmt":"2025-04-24T09:38:03","slug":"laserschweisen-bearbeitetes-werkstuck","status":"publish","type":"page","link":"https:\/\/www.martin-joseph.com\/de\/laserschweisen-bearbeitetes-werkstuck.html","title":{"rendered":"Soudure laser"},"content":{"rendered":"<div class=\"wpb-content-wrapper\"><p>[vc_row][vc_column][vc_column_text]<\/p>\n<p class=\"titre titre-fond-orange\"><span class=\"premier-mot\">Laserschwei\u00dfen<\/span><\/p>\n<p>[\/vc_column_text][vc_column_text el_class=&#8220;titre-h2-baseline&#8220;]<\/p>\n<h2>Laserschwei\u00dfen f\u00fcr Ihre bearbeiteten Teile<\/h2>\n<p>[\/vc_column_text][\/vc_column][\/vc_row][vc_row][vc_column width=&#8220;1\/2&#8243;][vc_column_text]Wir k\u00f6nnen Ihnen einen Laserschwei\u00dfservice anbieten, der an Ihre Bed\u00fcrfnisse angepasst wird.<\/p>\n<p>Vom Prototyp bis zur Gro\u00dfserie von Teilen erm\u00f6glicht uns unser Faserlaser Rofin FL-020 die Durchf\u00fchrung von Transparenz- oder Verbindungsschwei\u00dfungen ohne Zusatzmetall an Edelstahl- und Stahlteilen.<\/p>\n<p>Auf einer speziellen Maschine werden die Teile automatisch kontrolliert, zusammengesetzt und zugef\u00fchrt.<\/p>\n<p>Wir sind auch ausger\u00fcstet, um Schwei\u00dfn\u00e4hte auf Dichtigkeit und Abrisskraft zu pr\u00fcfen.<\/p>\n<p>An Ihren Teilen k\u00f6nnen je nach Ihren Besonderheiten Nachbearbeitungsschritte durchgef\u00fchrt werden.<\/p>\n<p>Unsere aktuellen Prozesse sind in der Lage, Folgendes zu gew\u00e4hrleisten :<\/p>\n<ul>\n<li>Schwei\u00dfposition Toleranz\u00a0: +\/- 0,05, 1\/10<\/li>\n<li>Schnurbreite : bis zu 1,20 mm<\/li>\n<li>Schwei\u00dftiefe : bis zu 1 mm<\/li>\n<\/ul>\n<p>Unsere Ausr\u00fcstung erm\u00f6glicht es uns, Lasermarkierungen auf bearbeiteten Teilen anzubringen.<\/p>\n<p>Datamatrix, R\u00fcckverfolgbarkeit oder jedes andere Schema, wir sind in der Lage, Ihre St\u00fccke entsprechend Ihren Bed\u00fcrfnissen zu gravieren.[\/vc_column_text][\/vc_column][vc_column width=&#8220;1\/2&#8243; css=&#8220;.vc_custom_1680264287818{margin-top: 0px !important;margin-right: 0px !important;margin-bottom: 0px !important;margin-left: 0px !important;padding-top: 0px !important;padding-right: 0px !important;padding-bottom: 0px !important;padding-left: 0px !important;}&#8220;][vc_single_image image=&#8220;5806&#8243; img_size=&#8220;full&#8220; alignment=&#8220;center&#8220; css_animation=&#8220;fadeInRight&#8220; css=&#8220;.vc_custom_1729525271734{margin-top: 0px !important;margin-right: 0px !important;margin-bottom: 0px !important;margin-left: 0px !important;padding-top: 0px !important;padding-right: 0px !important;padding-bottom: 0px !important;padding-left: 0px !important;}&#8220;][\/vc_column][\/vc_row][vc_row][vc_column][vc_media_grid element_width=&#8220;3&#8243; grid_id=&#8220;vc_gid:1729525164334-ee427569-dc4f-9&#8243; include=&#8220;5780,5782,5783,5786,5781,5785,5784&#8243;][\/vc_column][\/vc_row][vc_row][vc_column][vc_column_text el_class=&#8220;grosse-baseline&#8220;]<\/p>\n<p style=\"text-align: center;\">EIN BEDARF, EINE FRAGE? UNSERE EXPERTE STEHEN IHNEN ZU VERF\u00dcGUNG<\/p>\n<p>[\/vc_column_text][vc_btn title=&#8220;Preisanfrage&#8220; style=&#8220;custom&#8220; custom_background=&#8220;#ff7e00&#8243; custom_text=&#8220;#ffffff&#8220; shape=&#8220;square&#8220; size=&#8220;lg&#8220; align=&#8220;center&#8220; link=&#8220;url:%2Fde%2Fkontakt.html|title:Contact&#8220;][\/vc_column][\/vc_row]<\/p>\n<\/div>","protected":false},"excerpt":{"rendered":"<p>[vc_row][vc_column][vc_column_text] Laserschwei\u00dfen [\/vc_column_text][vc_column_text el_class=&#8220;titre-h2-baseline&#8220;] Laserschwei\u00dfen f\u00fcr Ihre bearbeiteten Teile [\/vc_column_text][\/vc_column][\/vc_row][vc_row][vc_column width=&#8220;1\/2&#8243;][vc_column_text]Wir k\u00f6nnen Ihnen einen Laserschwei\u00dfservice anbieten, der an Ihre Bed\u00fcrfnisse angepasst wird. Vom Prototyp bis zur<span class=\"excerpt-hellip\"> [\u2026]<\/span><\/p>\n","protected":false},"author":1,"featured_media":0,"parent":0,"menu_order":0,"comment_status":"closed","ping_status":"closed","template":"","meta":{"footnotes":""},"offres_emplois":[],"type_de_contrat_":[],"categorie_emplois":[],"class_list":["post-4761","page","type-page","status-publish","hentry"],"_links":{"self":[{"href":"https:\/\/www.martin-joseph.com\/de\/wp-json\/wp\/v2\/pages\/4761","targetHints":{"allow":["GET"]}}],"collection":[{"href":"https:\/\/www.martin-joseph.com\/de\/wp-json\/wp\/v2\/pages"}],"about":[{"href":"https:\/\/www.martin-joseph.com\/de\/wp-json\/wp\/v2\/types\/page"}],"author":[{"embeddable":true,"href":"https:\/\/www.martin-joseph.com\/de\/wp-json\/wp\/v2\/users\/1"}],"replies":[{"embeddable":true,"href":"https:\/\/www.martin-joseph.com\/de\/wp-json\/wp\/v2\/comments?post=4761"}],"version-history":[{"count":0,"href":"https:\/\/www.martin-joseph.com\/de\/wp-json\/wp\/v2\/pages\/4761\/revisions"}],"wp:attachment":[{"href":"https:\/\/www.martin-joseph.com\/de\/wp-json\/wp\/v2\/media?parent=4761"}],"wp:term":[{"taxonomy":"offres_emplois","embeddable":true,"href":"https:\/\/www.martin-joseph.com\/de\/wp-json\/wp\/v2\/offres_emplois?post=4761"},{"taxonomy":"type_de_contrat_","embeddable":true,"href":"https:\/\/www.martin-joseph.com\/de\/wp-json\/wp\/v2\/type_de_contrat_?post=4761"},{"taxonomy":"categorie_emplois","embeddable":true,"href":"https:\/\/www.martin-joseph.com\/de\/wp-json\/wp\/v2\/categorie_emplois?post=4761"}],"curies":[{"name":"wp","href":"https:\/\/api.w.org\/{rel}","templated":true}]}}