{"id":3628,"date":"2021-02-25T18:10:15","date_gmt":"2021-02-25T17:10:15","guid":{"rendered":"http:\/\/www.martin-joseph.com\/de\/?page_id=3628"},"modified":"2024-02-01T09:48:33","modified_gmt":"2024-02-01T08:48:33","slug":"hersteller-bearbeiteten-teilen-stossdampfer-intelligenten-dampfungssystemen","status":"publish","type":"page","link":"https:\/\/www.martin-joseph.com\/de\/hersteller-bearbeiteten-teilen-stossdampfer-intelligenten-dampfungssystemen.html","title":{"rendered":"D\u00e9colletage de pi\u00e8ces pour amortisseurs"},"content":{"rendered":"<div class=\"wpb-content-wrapper\"><p>[vc_row][vc_column][vc_column_text]<\/p>\n<p class=\"titre titre-fond-orange\"><span class=\"premier-mot\">Sto\u00dfd\u00e4mpfer f\u00fcr die Automobilindustrie <\/span><\/p>\n<p>[\/vc_column_text][vc_column_text el_class=&#8220;titre-h2-baseline&#8220;]<\/p>\n<h2>Drehen von Teilen f\u00fcr Sto\u00dfd\u00e4mpfer<\/h2>\n<p>[\/vc_column_text][\/vc_column][\/vc_row][vc_row][vc_column width=&#8220;1\/2&#8243;][vc_column_text]Unsere Kompetenz in der Fl\u00fcssigkeitsregulierung hat dazu gef\u00fchrt, dass wir bei intelligenten \u00f6lpneumatischen und hydraulischen D\u00e4mpfungssystemen vertreten sind. Durch den Zusammenbau unserer Produkte k\u00f6nnen bestimmte Schwingungsfrequenzen herausgefiltert werden, wodurch der Komfort im Fahrzeuginnenraum verbessert wird.<\/p>\n<p>Wir produzieren:<\/p>\n<ul>\n<li>Kolben Schieberventil S300 Stahl,<\/li>\n<li>Geh\u00e4useventile aus S355J2C Stahl,<\/li>\n<li>Ventile aus Stahl 11SMnPb37,<\/li>\n<li style=\"list-style-type: none;\"><\/li>\n<\/ul>\n<p>[\/vc_column_text][\/vc_column][vc_column width=&#8220;1\/2&#8243; css=&#8220;.vc_custom_1680264287818{margin-top: 0px !important;margin-right: 0px !important;margin-bottom: 0px !important;margin-left: 0px !important;padding-top: 0px !important;padding-right: 0px !important;padding-bottom: 0px !important;padding-left: 0px !important;}&#8220;][vc_single_image image=&#8220;4843&#8243; img_size=&#8220;full&#8220; alignment=&#8220;center&#8220; css_animation=&#8220;fadeInRight&#8220; css=&#8220;.vc_custom_1684326259743{margin-top: 0px !important;margin-right: 0px !important;margin-bottom: 0px !important;margin-left: 0px !important;padding-top: 0px !important;padding-right: 0px !important;padding-bottom: 0px !important;padding-left: 0px !important;}&#8220;][\/vc_column][\/vc_row][vc_row][vc_column][vc_column_text el_class=&#8220;grosse-baseline&#8220;]<\/p>\n<p style=\"text-align: center;\">EIN BEDARF, EINE FRAGE? UNSERE EXPERTE STEHEN IHNEN ZU VERF\u00dcGUNG<\/p>\n<p>[\/vc_column_text][vc_btn title=&#8220;Preisanfrage&#8220; style=&#8220;custom&#8220; custom_background=&#8220;#ff7e00&#8243; custom_text=&#8220;#ffffff&#8220; shape=&#8220;square&#8220; size=&#8220;lg&#8220; align=&#8220;center&#8220; link=&#8220;url:%2Fde%2Fkontakt.html&#8220;][\/vc_column][\/vc_row][vc_row el_class=&#8220;menu-auto&#8220;][vc_column][vc_row_inner css=&#8220;.vc_custom_1696428629335{background-color: #003e90 !important;}&#8220; el_class=&#8220;txt-blanc btn-menu-auto&#8220;][vc_column_inner width=&#8220;2\/3&#8243;][vc_column_text]<a href=\"\/de\/hersteller-anschlussteilen-batterie-anschluss.html\">Kfz-Getriebe<\/a>[\/vc_column_text][\/vc_column_inner][vc_column_inner width=&#8220;1\/3&#8243;][vc_single_image image=&#8220;5523&#8243; img_size=&#8220;full&#8220; alignment=&#8220;center&#8220; onclick=&#8220;custom_link&#8220; link=&#8220;https:\/\/www.martin-joseph.com\/de\/hersteller-anschlussteilen-batterie-anschluss.html&#8220;][\/vc_column_inner][\/vc_row_inner][vc_row_inner css=&#8220;.vc_custom_1696428629335{background-color: #003e90 !important;}&#8220; el_class=&#8220;txt-blanc btn-menu-auto&#8220;][vc_column_inner width=&#8220;2\/3&#8243;][vc_column_text]<a href=\"https:\/de\/drehen-teilen-einspritzung.html\">Kfz-Einspritzung<\/a>[\/vc_column_text][\/vc_column_inner][vc_column_inner width=&#8220;1\/3&#8243;][vc_single_image image=&#8220;5525&#8243; img_size=&#8220;full&#8220; alignment=&#8220;center&#8220; onclick=&#8220;custom_link&#8220; link=&#8220;https:\/\/www.martin-joseph.com\/de\/drehen-teilen-einspritzung.html&#8220;][\/vc_column_inner][\/vc_row_inner][vc_row_inner css=&#8220;.vc_custom_1696428629335{background-color: #003e90 !important;}&#8220; el_class=&#8220;txt-blanc btn-menu-auto&#8220;][vc_column_inner width=&#8220;2\/3&#8243;][vc_column_text]<a href=\"\/de\/hersteller-bearbeiteten-teilen-stossdampfer-intelligenten-dampfungssystemen.html\">Sto\u00dfd\u00e4mpfer f\u00fcr die Automobilindustrie<\/a>[\/vc_column_text][\/vc_column_inner][vc_column_inner width=&#8220;1\/3&#8243;][vc_single_image image=&#8220;5524&#8243; img_size=&#8220;full&#8220; alignment=&#8220;center&#8220; onclick=&#8220;custom_link&#8220; link=&#8220;https:\/\/www.martin-joseph.com\/de\/hersteller-bearbeiteten-teilen-stossdampfer-intelligenten-dampfungssystemen.html&#8220;][\/vc_column_inner][\/vc_row_inner][vc_row_inner css=&#8220;.vc_custom_1696428629335{background-color: #003e90 !important;}&#8220; el_class=&#8220;txt-blanc btn-menu-auto&#8220;][vc_column_inner width=&#8220;2\/3&#8243;][vc_column_text]<a href=\"\/de\/drehen-teilen-systeme-reduktion-schadstoffemission.html\">Reduzierung der Schadstoffemissionen<\/a>[\/vc_column_text][\/vc_column_inner][vc_column_inner width=&#8220;1\/3&#8243;][vc_single_image image=&#8220;5522&#8243; img_size=&#8220;full&#8220; alignment=&#8220;center&#8220; onclick=&#8220;custom_link&#8220; link=&#8220;https:\/\/www.martin-joseph.com\/de\/drehen-teilen-systeme-reduktion-schadstoffemission.html&#8220;][\/vc_column_inner][\/vc_row_inner][vc_row_inner css=&#8220;.vc_custom_1696428629335{background-color: #003e90 !important;}&#8220; el_class=&#8220;txt-blanc btn-menu-auto&#8220;][vc_column_inner width=&#8220;2\/3&#8243;][vc_column_text]<a href=\"\/de\/automotive-klimaanlage-kuhlung-teiledreherei.html\">Klimatisierung und K\u00fchlungt<\/a>[\/vc_column_text][\/vc_column_inner][vc_column_inner width=&#8220;1\/3&#8243;][vc_single_image image=&#8220;5521&#8243; img_size=&#8220;full&#8220; alignment=&#8220;center&#8220; onclick=&#8220;custom_link&#8220; link=&#8220;https:\/\/www.martin-joseph.com\/de\/automotive-klimaanlage-kuhlung-teiledreherei.html&#8220;][\/vc_column_inner][\/vc_row_inner][vc_row_inner css=&#8220;.vc_custom_1696428629335{background-color: #003e90 !important;}&#8220; el_class=&#8220;txt-blanc btn-menu-auto&#8220;][vc_column_inner width=&#8220;2\/3&#8243;][vc_column_text]<a href=\"\/de\/hersteller-anschlussteilen-batterie-anschluss.html\">Automobil- und allgemeine Verbindungstechnik<\/a>[\/vc_column_text][\/vc_column_inner][vc_column_inner width=&#8220;1\/3&#8243;][vc_single_image image=&#8220;5526&#8243; img_size=&#8220;full&#8220; alignment=&#8220;center&#8220; onclick=&#8220;custom_link&#8220; link=&#8220;https:\/\/www.martin-joseph.com\/de\/hersteller-anschlussteilen-batterie-anschluss.html&#8220;][\/vc_column_inner][\/vc_row_inner][\/vc_column][\/vc_row]<\/p>\n<\/div>","protected":false},"excerpt":{"rendered":"<p>[vc_row][vc_column][vc_column_text] Sto\u00dfd\u00e4mpfer f\u00fcr die Automobilindustrie [\/vc_column_text][vc_column_text el_class=&#8220;titre-h2-baseline&#8220;] Drehen von Teilen f\u00fcr Sto\u00dfd\u00e4mpfer [\/vc_column_text][\/vc_column][\/vc_row][vc_row][vc_column width=&#8220;1\/2&#8243;][vc_column_text]Unsere Kompetenz in der Fl\u00fcssigkeitsregulierung hat dazu gef\u00fchrt, dass wir bei intelligenten \u00f6lpneumatischen<span class=\"excerpt-hellip\"> [\u2026]<\/span><\/p>\n","protected":false},"author":1,"featured_media":0,"parent":0,"menu_order":0,"comment_status":"closed","ping_status":"closed","template":"","meta":{"footnotes":""},"offres_emplois":[],"type_de_contrat_":[],"categorie_emplois":[],"class_list":["post-3628","page","type-page","status-publish","hentry"],"_links":{"self":[{"href":"https:\/\/www.martin-joseph.com\/de\/wp-json\/wp\/v2\/pages\/3628","targetHints":{"allow":["GET"]}}],"collection":[{"href":"https:\/\/www.martin-joseph.com\/de\/wp-json\/wp\/v2\/pages"}],"about":[{"href":"https:\/\/www.martin-joseph.com\/de\/wp-json\/wp\/v2\/types\/page"}],"author":[{"embeddable":true,"href":"https:\/\/www.martin-joseph.com\/de\/wp-json\/wp\/v2\/users\/1"}],"replies":[{"embeddable":true,"href":"https:\/\/www.martin-joseph.com\/de\/wp-json\/wp\/v2\/comments?post=3628"}],"version-history":[{"count":0,"href":"https:\/\/www.martin-joseph.com\/de\/wp-json\/wp\/v2\/pages\/3628\/revisions"}],"wp:attachment":[{"href":"https:\/\/www.martin-joseph.com\/de\/wp-json\/wp\/v2\/media?parent=3628"}],"wp:term":[{"taxonomy":"offres_emplois","embeddable":true,"href":"https:\/\/www.martin-joseph.com\/de\/wp-json\/wp\/v2\/offres_emplois?post=3628"},{"taxonomy":"type_de_contrat_","embeddable":true,"href":"https:\/\/www.martin-joseph.com\/de\/wp-json\/wp\/v2\/type_de_contrat_?post=3628"},{"taxonomy":"categorie_emplois","embeddable":true,"href":"https:\/\/www.martin-joseph.com\/de\/wp-json\/wp\/v2\/categorie_emplois?post=3628"}],"curies":[{"name":"wp","href":"https:\/\/api.w.org\/{rel}","templated":true}]}}