{"id":3622,"date":"2021-02-25T18:00:31","date_gmt":"2021-02-25T17:00:31","guid":{"rendered":"http:\/\/www.martin-joseph.com\/de\/?page_id=3622"},"modified":"2024-02-01T09:43:31","modified_gmt":"2024-02-01T08:43:31","slug":"drehen-teilen-einspritzung","status":"publish","type":"page","link":"https:\/\/www.martin-joseph.com\/de\/drehen-teilen-einspritzung.html","title":{"rendered":"D\u00e9colletage de pi\u00e8ce d&#8217;injection"},"content":{"rendered":"<div class=\"wpb-content-wrapper\"><p>[vc_row][vc_column][vc_column_text]<\/p>\n<p class=\"titre titre-fond-orange\"><span class=\"premier-mot\">Kfz-Einspritzung<\/span><\/p>\n<p>[\/vc_column_text][vc_column_text el_class=&#8220;titre-h2-baseline&#8220;]<\/p>\n<h2>Automatendrehen von Teilen f\u00fcr die Automobil-Einspritzung<\/h2>\n<p>[\/vc_column_text][\/vc_column][\/vc_row][vc_row][vc_column width=&#8220;1\/2&#8243;][vc_column_text]Wir stellen Teile, wie Sicherheitzventile f\u00fcr die Einspritztechnik her und sind f\u00fchrender Hersteller von \u00dcberdruckventilen f\u00fcr Einspritzsysteme.<\/p>\n<p>Die Beherrschung der Oberfl\u00e4chenrauhigkeiten und der Geometriefehler erm\u00f6glicht es uns, eine &#8222;Metall-auf-Metall&#8220;-Abdichtung unter Dr\u00fccken von bis zu 2.800 bar zu gew\u00e4hrleisten.[\/vc_column_text][\/vc_column][vc_column width=&#8220;1\/2&#8243; css=&#8220;.vc_custom_1680264287818{margin-top: 0px !important;margin-right: 0px !important;margin-bottom: 0px !important;margin-left: 0px !important;padding-top: 0px !important;padding-right: 0px !important;padding-bottom: 0px !important;padding-left: 0px !important;}&#8220;][vc_single_image image=&#8220;4842&#8243; img_size=&#8220;full&#8220; alignment=&#8220;center&#8220; css_animation=&#8220;fadeInRight&#8220;][\/vc_column][\/vc_row][vc_row][vc_column][vc_column_text el_class=&#8220;grosse-baseline&#8220;]<\/p>\n<p style=\"text-align: center;\">EIN BEDARF, EINE FRAGE? UNSERE EXPERTE STEHEN IHNEN ZU VERF\u00dcGUNG<\/p>\n<p>[\/vc_column_text][vc_btn title=&#8220;Preisanfrage&#8220; style=&#8220;custom&#8220; custom_background=&#8220;#ff7e00&#8243; custom_text=&#8220;#ffffff&#8220; shape=&#8220;square&#8220; size=&#8220;lg&#8220; align=&#8220;center&#8220; link=&#8220;url:%2Fde%2Fkontackt.html&#8220;][\/vc_column][\/vc_row][vc_row el_class=&#8220;menu-auto&#8220;][vc_column][vc_row_inner css=&#8220;.vc_custom_1696428629335{background-color: #003e90 !important;}&#8220; el_class=&#8220;txt-blanc btn-menu-auto&#8220;][vc_column_inner width=&#8220;2\/3&#8243;][vc_column_text]<a href=\"\/de\/schneiden-teilen-kfz-getriebe.html\">Kfz-Getriebe<\/a>[\/vc_column_text][\/vc_column_inner][vc_column_inner width=&#8220;1\/3&#8243;][vc_single_image image=&#8220;5523&#8243; img_size=&#8220;full&#8220; alignment=&#8220;center&#8220; onclick=&#8220;custom_link&#8220; link=&#8220;https:\/\/www.martin-joseph.com\/de\/schneiden-teilen-kfz-getriebe.html&#8220;][\/vc_column_inner][\/vc_row_inner][vc_row_inner css=&#8220;.vc_custom_1696428629335{background-color: #003e90 !important;}&#8220; el_class=&#8220;txt-blanc btn-menu-auto&#8220;][vc_column_inner width=&#8220;2\/3&#8243;][vc_column_text]<a href=\"\/de\/drehen-teilen-einspritzung.html\">Kfz-Einspritzung<\/a>[\/vc_column_text][\/vc_column_inner][vc_column_inner width=&#8220;1\/3&#8243;][vc_single_image image=&#8220;5525&#8243; img_size=&#8220;full&#8220; alignment=&#8220;center&#8220; onclick=&#8220;custom_link&#8220; link=&#8220;https:\/\/www.martin-joseph.com\/de\/drehen-teilen-einspritzung.html&#8220;][\/vc_column_inner][\/vc_row_inner][vc_row_inner css=&#8220;.vc_custom_1696428629335{background-color: #003e90 !important;}&#8220; el_class=&#8220;txt-blanc btn-menu-auto&#8220;][vc_column_inner width=&#8220;2\/3&#8243;][vc_column_text]<a href=\"\/de\/hersteller-bearbeiteten-teilen-stossdampfer-intelligenten-dampfungssystemen.html\">Sto\u00dfd\u00e4mpfer f\u00fcr die Automobilindustrie<\/a>[\/vc_column_text][\/vc_column_inner][vc_column_inner width=&#8220;1\/3&#8243;][vc_single_image image=&#8220;5524&#8243; img_size=&#8220;full&#8220; alignment=&#8220;center&#8220; onclick=&#8220;custom_link&#8220; link=&#8220;https:\/\/www.martin-joseph.com\/de\/hersteller-bearbeiteten-teilen-stossdampfer-intelligenten-dampfungssystemen.html&#8220;][\/vc_column_inner][\/vc_row_inner][vc_row_inner css=&#8220;.vc_custom_1696428629335{background-color: #003e90 !important;}&#8220; el_class=&#8220;txt-blanc btn-menu-auto&#8220;][vc_column_inner width=&#8220;2\/3&#8243;][vc_column_text]<a href=\"\/de\/drehen-teilen-systeme-reduktion-schadstoffemission.html\">Reduzierung der Schadstoffemissionen<\/a>[\/vc_column_text][\/vc_column_inner][vc_column_inner width=&#8220;1\/3&#8243;][vc_single_image image=&#8220;5522&#8243; img_size=&#8220;full&#8220; alignment=&#8220;center&#8220; onclick=&#8220;custom_link&#8220; link=&#8220;https:\/\/www.martin-joseph.com\/de\/drehen-teilen-systeme-reduktion-schadstoffemission.html&#8220;][\/vc_column_inner][\/vc_row_inner][vc_row_inner css=&#8220;.vc_custom_1696428629335{background-color: #003e90 !important;}&#8220; el_class=&#8220;txt-blanc btn-menu-auto&#8220;][vc_column_inner width=&#8220;2\/3&#8243;][vc_column_text]<a href=\"de\/automotive-klimaanlage-kuhlung-teiledreherei.html\">Klimatisierung und K\u00fchlung<\/a>[\/vc_column_text][\/vc_column_inner][vc_column_inner width=&#8220;1\/3&#8243;][vc_single_image image=&#8220;5521&#8243; img_size=&#8220;full&#8220; alignment=&#8220;center&#8220; onclick=&#8220;custom_link&#8220; link=&#8220;https:\/\/www.martin-joseph.comde\/automotive-klimaanlage-kuhlung-teiledreherei.html&#8220;][\/vc_column_inner][\/vc_row_inner][vc_row_inner css=&#8220;.vc_custom_1696428629335{background-color: #003e90 !important;}&#8220; el_class=&#8220;txt-blanc btn-menu-auto&#8220;][vc_column_inner width=&#8220;2\/3&#8243;][vc_column_text]<a href=\"\/de\/hersteller-anschlussteilen-batterie-anschluss.html\">Automobil- und allgemeine Verbindungstechnik<\/a>[\/vc_column_text][\/vc_column_inner][vc_column_inner width=&#8220;1\/3&#8243;][vc_single_image image=&#8220;5526&#8243; img_size=&#8220;full&#8220; alignment=&#8220;center&#8220; onclick=&#8220;custom_link&#8220; link=&#8220;https:\/\/www.martin-joseph.com\/de\/hersteller-anschlussteilen-batterie-anschluss.html&#8220;][\/vc_column_inner][\/vc_row_inner][\/vc_column][\/vc_row]<\/p>\n<\/div>","protected":false},"excerpt":{"rendered":"<p>[vc_row][vc_column][vc_column_text] Kfz-Einspritzung [\/vc_column_text][vc_column_text el_class=&#8220;titre-h2-baseline&#8220;] Automatendrehen von Teilen f\u00fcr die Automobil-Einspritzung [\/vc_column_text][\/vc_column][\/vc_row][vc_row][vc_column width=&#8220;1\/2&#8243;][vc_column_text]Wir stellen Teile, wie Sicherheitzventile f\u00fcr die Einspritztechnik her und sind f\u00fchrender Hersteller von \u00dcberdruckventilen<span class=\"excerpt-hellip\"> [\u2026]<\/span><\/p>\n","protected":false},"author":1,"featured_media":0,"parent":0,"menu_order":0,"comment_status":"closed","ping_status":"closed","template":"","meta":{"footnotes":""},"offres_emplois":[],"type_de_contrat_":[],"categorie_emplois":[],"class_list":["post-3622","page","type-page","status-publish","hentry"],"_links":{"self":[{"href":"https:\/\/www.martin-joseph.com\/de\/wp-json\/wp\/v2\/pages\/3622","targetHints":{"allow":["GET"]}}],"collection":[{"href":"https:\/\/www.martin-joseph.com\/de\/wp-json\/wp\/v2\/pages"}],"about":[{"href":"https:\/\/www.martin-joseph.com\/de\/wp-json\/wp\/v2\/types\/page"}],"author":[{"embeddable":true,"href":"https:\/\/www.martin-joseph.com\/de\/wp-json\/wp\/v2\/users\/1"}],"replies":[{"embeddable":true,"href":"https:\/\/www.martin-joseph.com\/de\/wp-json\/wp\/v2\/comments?post=3622"}],"version-history":[{"count":0,"href":"https:\/\/www.martin-joseph.com\/de\/wp-json\/wp\/v2\/pages\/3622\/revisions"}],"wp:attachment":[{"href":"https:\/\/www.martin-joseph.com\/de\/wp-json\/wp\/v2\/media?parent=3622"}],"wp:term":[{"taxonomy":"offres_emplois","embeddable":true,"href":"https:\/\/www.martin-joseph.com\/de\/wp-json\/wp\/v2\/offres_emplois?post=3622"},{"taxonomy":"type_de_contrat_","embeddable":true,"href":"https:\/\/www.martin-joseph.com\/de\/wp-json\/wp\/v2\/type_de_contrat_?post=3622"},{"taxonomy":"categorie_emplois","embeddable":true,"href":"https:\/\/www.martin-joseph.com\/de\/wp-json\/wp\/v2\/categorie_emplois?post=3622"}],"curies":[{"name":"wp","href":"https:\/\/api.w.org\/{rel}","templated":true}]}}