{"id":3618,"date":"2021-02-25T17:45:54","date_gmt":"2021-02-25T16:45:54","guid":{"rendered":"http:\/\/www.martin-joseph.com\/de\/?page_id=3618"},"modified":"2025-04-24T11:36:21","modified_gmt":"2025-04-24T09:36:21","slug":"schneiden-teilen-kfz-getriebe","status":"publish","type":"page","link":"https:\/\/www.martin-joseph.com\/de\/schneiden-teilen-kfz-getriebe.html","title":{"rendered":"D\u00e9colletage de pi\u00e8ces pour syst\u00e8me de transmission automobile"},"content":{"rendered":"<div class=\"wpb-content-wrapper\"><p>[vc_row el_class=&#8220;menu-auto&#8220;][vc_column][vc_row_inner css=&#8220;.vc_custom_1696428629335{background-color: #003e90 !important;}&#8220; el_class=&#8220;txt-blanc btn-menu-auto&#8220;][vc_column_inner width=&#8220;2\/3&#8243;][vc_column_text]<a href=\"https:\/\/www.martin-joseph.com\/de\/schneiden-teilen-kfz-getriebe.html\">Kfz-Getriebe<\/a>[\/vc_column_text][\/vc_column_inner][vc_column_inner width=&#8220;1\/3&#8243;][vc_single_image image=&#8220;5523&#8243; img_size=&#8220;full&#8220; alignment=&#8220;center&#8220; onclick=&#8220;custom_link&#8220; link=&#8220;https:\/\/www.martin-joseph.com\/de\/schneiden-teilen-kfz-getriebe.html&#8220;][\/vc_column_inner][\/vc_row_inner][vc_row_inner css=&#8220;.vc_custom_1696428629335{background-color: #003e90 !important;}&#8220; el_class=&#8220;txt-blanc btn-menu-auto&#8220;][vc_column_inner width=&#8220;2\/3&#8243;][vc_column_text]<a href=\"\/de\/drehen-teilen-einspritzung.html\">Kfz-Einspritzung<\/a>[\/vc_column_text][\/vc_column_inner][vc_column_inner width=&#8220;1\/3&#8243;][vc_single_image image=&#8220;5525&#8243; img_size=&#8220;full&#8220; alignment=&#8220;center&#8220; onclick=&#8220;custom_link&#8220; link=&#8220;https:\/\/www.martin-joseph.com\/de\/drehen-teilen-einspritzung.html&#8220;][\/vc_column_inner][\/vc_row_inner][vc_row_inner css=&#8220;.vc_custom_1696428629335{background-color: #003e90 !important;}&#8220; el_class=&#8220;txt-blanc btn-menu-auto&#8220;][vc_column_inner width=&#8220;2\/3&#8243;][vc_column_text]<a href=\"\/de\/hersteller-bearbeiteten-teilen-stossdampfer-intelligenten-dampfungssystemen.html\">Sto\u00dfd\u00e4mpfer f\u00fcr die Automobilindustrie<\/a>[\/vc_column_text][\/vc_column_inner][vc_column_inner width=&#8220;1\/3&#8243;][vc_single_image image=&#8220;5524&#8243; img_size=&#8220;full&#8220; alignment=&#8220;center&#8220; onclick=&#8220;custom_link&#8220; link=&#8220;https:\/\/www.martin-joseph.com\/de\/hersteller-bearbeiteten-teilen-stossdampfer-intelligenten-dampfungssystemen.html&#8220;][\/vc_column_inner][\/vc_row_inner][vc_row_inner css=&#8220;.vc_custom_1696428629335{background-color: #003e90 !important;}&#8220; el_class=&#8220;txt-blanc btn-menu-auto&#8220;][vc_column_inner width=&#8220;2\/3&#8243;][vc_column_text]<a href=\"\/de\/drehen-teilen-systeme-reduktion-schadstoffemission.html\">Reduzierung der Schadstoffemissionen<\/a>[\/vc_column_text][\/vc_column_inner][vc_column_inner width=&#8220;1\/3&#8243;][vc_single_image image=&#8220;5522&#8243; img_size=&#8220;full&#8220; alignment=&#8220;center&#8220; onclick=&#8220;custom_link&#8220; link=&#8220;https:\/\/www.martin-joseph.com\/de\/drehen-teilen-systeme-reduktion-schadstoffemission.html&#8220;][\/vc_column_inner][\/vc_row_inner][vc_row_inner css=&#8220;.vc_custom_1696428629335{background-color: #003e90 !important;}&#8220; el_class=&#8220;txt-blanc btn-menu-auto&#8220;][vc_column_inner width=&#8220;2\/3&#8243;][vc_column_text]<a href=\"\/de\/automotive-klimaanlage-kuhlung-teiledreherei.html\">Klimatisierung und K\u00fchlung<\/a>[\/vc_column_text][\/vc_column_inner][vc_column_inner width=&#8220;1\/3&#8243;][vc_single_image image=&#8220;5521&#8243; img_size=&#8220;full&#8220; alignment=&#8220;center&#8220; onclick=&#8220;custom_link&#8220; link=&#8220;https:\/\/www.martin-joseph.com\/de\/automotive-klimaanlage-kuhlung-teiledreherei.html&#8220;][\/vc_column_inner][\/vc_row_inner][vc_row_inner css=&#8220;.vc_custom_1696428629335{background-color: #003e90 !important;}&#8220; el_class=&#8220;txt-blanc btn-menu-auto&#8220;][vc_column_inner width=&#8220;2\/3&#8243;][vc_column_text]<a href=\"\/de\/hersteller-anschlussteilen-batterie-anschluss.html\">Automobil- und allgemeine Verbindungstechnik<\/a>[\/vc_column_text][\/vc_column_inner][vc_column_inner width=&#8220;1\/3&#8243;][vc_single_image image=&#8220;5526&#8243; img_size=&#8220;full&#8220; alignment=&#8220;center&#8220; onclick=&#8220;custom_link&#8220; link=&#8220;https:\/\/www.martin-joseph.com\/de\/hersteller-anschlussteilen-batterie-anschluss.html&#8220;][\/vc_column_inner][\/vc_row_inner][\/vc_column][\/vc_row][vc_row][vc_column][vc_column_text]<\/p>\n<p class=\"titre titre-fond-orange long-titre\"><span class=\"premier-mot\">Kfz-Getriebe<\/span><\/p>\n<p>[\/vc_column_text][vc_column_text el_class=&#8220;titre-h2-baseline&#8220;]<\/p>\n<h2>Automatendrehen von Teilen f\u00fcr Kraftfahrzeug Getriebesysteme<\/h2>\n<p>[\/vc_column_text][\/vc_column][\/vc_row][vc_row][vc_column width=&#8220;1\/2&#8243;][vc_column_text]Bei Joseph Martin garantieren wir hochpr\u00e4zises Drehen bei der Herstellung von Komponenten im Zusammenhang mit dem Automobilgetriebe, insbesondere mit den Magnetspulen, die die Kupplungen und Gangschaltungen steuern.[\/vc_column_text][\/vc_column][vc_column width=&#8220;1\/2&#8243; css=&#8220;.vc_custom_1680264287818{margin-top: 0px !important;margin-right: 0px !important;margin-bottom: 0px !important;margin-left: 0px !important;padding-top: 0px !important;padding-right: 0px !important;padding-bottom: 0px !important;padding-left: 0px !important;}&#8220;][vc_single_image image=&#8220;4841&#8243; img_size=&#8220;full&#8220; alignment=&#8220;center&#8220; css_animation=&#8220;fadeInRight&#8220;][\/vc_column][\/vc_row][vc_row][vc_column][vc_column_text el_class=&#8220;grosse-baseline&#8220;]<\/p>\n<p style=\"text-align: center;\">EIN BEDARF, EINE FRAGE? UNSERE EXPERTE STEHEN IHNEN ZU VERF\u00dcGUNG<\/p>\n<p>[\/vc_column_text][vc_btn title=&#8220;Preisanfrage&#8220; style=&#8220;custom&#8220; custom_background=&#8220;#ff7e00&#8243; custom_text=&#8220;#ffffff&#8220; shape=&#8220;square&#8220; size=&#8220;lg&#8220; align=&#8220;center&#8220; link=&#8220;url:%2Fde%2Fkontakt.html|title:Contact&#8220;][\/vc_column][\/vc_row]<\/p>\n<\/div>","protected":false},"excerpt":{"rendered":"<p>[vc_row el_class=&#8220;menu-auto&#8220;][vc_column][vc_row_inner css=&#8220;.vc_custom_1696428629335{background-color: #003e90 !important;}&#8220; el_class=&#8220;txt-blanc btn-menu-auto&#8220;][vc_column_inner width=&#8220;2\/3&#8243;][vc_column_text]Kfz-Getriebe[\/vc_column_text][\/vc_column_inner][vc_column_inner width=&#8220;1\/3&#8243;][vc_single_image image=&#8220;5523&#8243; img_size=&#8220;full&#8220; alignment=&#8220;center&#8220; onclick=&#8220;custom_link&#8220; link=&#8220;https:\/\/www.martin-joseph.com\/de\/schneiden-teilen-kfz-getriebe.html&#8220;][\/vc_column_inner][\/vc_row_inner][vc_row_inner css=&#8220;.vc_custom_1696428629335{background-color: #003e90 !important;}&#8220; el_class=&#8220;txt-blanc btn-menu-auto&#8220;][vc_column_inner width=&#8220;2\/3&#8243;][vc_column_text]Kfz-Einspritzung[\/vc_column_text][\/vc_column_inner][vc_column_inner width=&#8220;1\/3&#8243;][vc_single_image image=&#8220;5525&#8243; img_size=&#8220;full&#8220; alignment=&#8220;center&#8220; onclick=&#8220;custom_link&#8220; link=&#8220;https:\/\/www.martin-joseph.com\/de\/drehen-teilen-einspritzung.html&#8220;][\/vc_column_inner][\/vc_row_inner][vc_row_inner<span class=\"excerpt-hellip\"> [\u2026]<\/span><\/p>\n","protected":false},"author":1,"featured_media":0,"parent":0,"menu_order":0,"comment_status":"closed","ping_status":"closed","template":"","meta":{"footnotes":""},"offres_emplois":[],"type_de_contrat_":[],"categorie_emplois":[],"class_list":["post-3618","page","type-page","status-publish","hentry"],"_links":{"self":[{"href":"https:\/\/www.martin-joseph.com\/de\/wp-json\/wp\/v2\/pages\/3618","targetHints":{"allow":["GET"]}}],"collection":[{"href":"https:\/\/www.martin-joseph.com\/de\/wp-json\/wp\/v2\/pages"}],"about":[{"href":"https:\/\/www.martin-joseph.com\/de\/wp-json\/wp\/v2\/types\/page"}],"author":[{"embeddable":true,"href":"https:\/\/www.martin-joseph.com\/de\/wp-json\/wp\/v2\/users\/1"}],"replies":[{"embeddable":true,"href":"https:\/\/www.martin-joseph.com\/de\/wp-json\/wp\/v2\/comments?post=3618"}],"version-history":[{"count":0,"href":"https:\/\/www.martin-joseph.com\/de\/wp-json\/wp\/v2\/pages\/3618\/revisions"}],"wp:attachment":[{"href":"https:\/\/www.martin-joseph.com\/de\/wp-json\/wp\/v2\/media?parent=3618"}],"wp:term":[{"taxonomy":"offres_emplois","embeddable":true,"href":"https:\/\/www.martin-joseph.com\/de\/wp-json\/wp\/v2\/offres_emplois?post=3618"},{"taxonomy":"type_de_contrat_","embeddable":true,"href":"https:\/\/www.martin-joseph.com\/de\/wp-json\/wp\/v2\/type_de_contrat_?post=3618"},{"taxonomy":"categorie_emplois","embeddable":true,"href":"https:\/\/www.martin-joseph.com\/de\/wp-json\/wp\/v2\/categorie_emplois?post=3618"}],"curies":[{"name":"wp","href":"https:\/\/api.w.org\/{rel}","templated":true}]}}