{"id":3184,"date":"2021-02-11T17:54:35","date_gmt":"2021-02-11T16:54:35","guid":{"rendered":"http:\/\/www.martin-joseph.com\/de\/?page_id=3184"},"modified":"2023-10-18T12:00:44","modified_gmt":"2023-10-18T10:00:44","slug":"schraubenschneidteil-luxusbereich","status":"publish","type":"page","link":"https:\/\/www.martin-joseph.com\/de\/schraubenschneidteil-luxusbereich.html","title":{"rendered":"Pi\u00e8ce de d\u00e9colletage pour le secteur du luxe"},"content":{"rendered":"<div class=\"wpb-content-wrapper\"><p>[vc_row][vc_column offset=&#8220;vc_hidden-xs&#8220;][vc_empty_space height=&#8220;10px&#8220;][\/vc_column][\/vc_row][vc_row devn_bg_repeat=&#8220;no-repeat&#8220;][vc_column][vc_column_text]<\/p>\n<p style=\"text-align: center;\">Die Welt des franz\u00f6sischen Luxus. Bei Joseph MARTIN unterst\u00fctzen wir seit Jahren die gr\u00f6\u00dften Namen der Branche.<\/p>\n<p>[\/vc_column_text][\/vc_column][\/vc_row][vc_row][vc_column][vc_empty_space height=&#8220;10px&#8220;][\/vc_column][\/vc_row][vc_row][vc_column][vc_column_text]<\/p>\n<p class=\"titre titre-fond-orange\"><span class=\"premier-mot\">Kosmetikum<\/span><\/p>\n<p>[\/vc_column_text][vc_column_text el_class=&#8220;titre-h2-baseline&#8220;]<\/p>\n<h2>Pr\u00e4zisionsbearbeitung f\u00fcr Luxus-Accessoires und Kosmetik<\/h2>\n<p>[\/vc_column_text][\/vc_column][\/vc_row][vc_row][vc_column width=&#8220;1\/2&#8243;][vc_column_text el_class=&#8220;block-encart-txt&#8220;]Wir entwerfen auff\u00e4llige St\u00fccke f\u00fcr den Luxuskosmetiksektor und erf\u00fcllen dabei die Ma\u00dfvorgaben.<\/p>\n<p>Wir stellen Creme-, Pflege- und Augenkonturapplikatoren aus Edelstahl her, um einen abschwellenden Anwendungskomfort zu gew\u00e4hrleisten.<\/p>\n<p>Automatische kritische Ma\u00dfpr\u00fcfungen werden zu 100 % durchgef\u00fchrt und Aspekt Kontrollen werden durch Stichproben nach der AQL-Methode durchgef\u00fchrt.[\/vc_column_text][\/vc_column][vc_column width=&#8220;1\/2&#8243; css=&#8220;.vc_custom_1680264287818{margin-top: 0px !important;margin-right: 0px !important;margin-bottom: 0px !important;margin-left: 0px !important;padding-top: 0px !important;padding-right: 0px !important;padding-bottom: 0px !important;padding-left: 0px !important;}&#8220;][vc_single_image image=&#8220;4867&#8243; img_size=&#8220;full&#8220; alignment=&#8220;center&#8220; css_animation=&#8220;fadeInRight&#8220; css=&#8220;.vc_custom_1696327332480{margin-top: 0px !important;margin-right: 0px !important;margin-bottom: 0px !important;margin-left: 0px !important;padding-top: 0px !important;padding-right: 0px !important;padding-bottom: 0px !important;padding-left: 0px !important;}&#8220;][\/vc_column][\/vc_row][vc_row full_width=&#8220;stretch_row&#8220; css=&#8220;.vc_custom_1687267564345{background-color: #d5d5d5 !important;}&#8220;][vc_column][vc_empty_space][vc_column_text]<\/p>\n<p class=\"titre titre-droite titre-fond-bleu\" style=\"text-align: right;\"><span class=\"premier-mot\">Uhrmacherei<\/span><\/p>\n<p>[\/vc_column_text][\/vc_column][\/vc_row][vc_row full_width=&#8220;stretch_row&#8220; css=&#8220;.vc_custom_1687267564345{background-color: #d5d5d5 !important;}&#8220;][vc_column width=&#8220;1\/2&#8243;][vc_single_image image=&#8220;5486&#8243; img_size=&#8220;full&#8220; alignment=&#8220;center&#8220; css_animation=&#8220;fadeInLeft&#8220;][\/vc_column][vc_column width=&#8220;1\/2&#8243;][vc_column_text el_class=&#8220;block-encart-txt lorem&#8220;]CNC-Bearbeitung zur Herstellung von Mikrokomponenten f\u00fcr die Uhren- und Schmuckbranche.<br \/>\nIn der Uhren- und Schmuckbranche ist Pr\u00e4zision die Seele der Sch\u00f6nheit.<br \/>\nJede unserer Mikrokomponenten wird mit gr\u00f6\u00dfter Sorgfalt hergestellt, da wir wissen, wie wichtig jedes kleine St\u00fcck f\u00fcr die Herstellung hochwertiger Uhren und Schmuckst\u00fccke ist. Unsere Teams sind bestrebt, hohe Pr\u00e4zisionsstandards einzuhalten und nutzen unser Know-how und unsere Spitzentechnologie, um Komponenten herzustellen, die zur Sch\u00f6nheit und Pr\u00e4zision dieser au\u00dfergew\u00f6hnlichen Teile beitragen.<br \/>\nWir sind stolz darauf, Ihnen zuverl\u00e4ssige und sorgf\u00e4ltig durchdachte L\u00f6sungen f\u00fcr die Bearbeitung von Mikrokomponenten anbieten zu k\u00f6nnen.[\/vc_column_text][\/vc_column][\/vc_row][vc_row][vc_column][vc_column_text]<\/p>\n<p class=\"titre titre-fond-orange\"><span class=\"premier-mot\">Luxuri\u00f6se Feuerzeuge und Kugelschreiber<\/span><\/p>\n<p>[\/vc_column_text][vc_column_text el_class=&#8220;titre-h2-baseline&#8220;]<\/p>\n<h2>Herstellung von Bearbeitungsteilen f\u00fcr High-End-Feuerzeuge und Kugelschreiber<\/h2>\n<p>[\/vc_column_text][\/vc_column][\/vc_row][vc_row][vc_column width=&#8220;1\/2&#8243;][vc_column_text el_class=&#8220;block-encart-txt&#8220;]Wir haben eine Zahnschlagmaschine entworfen und entwickelt, die f\u00fcr die Herstellung von Feuerzeugr\u00e4dchen erforderlich ist.<br \/>\nUnsere Beherrschung der Aspekt Teile erm\u00f6glicht es uns, Stiftgriffe, sogenannte &#8222;Grips&#8220;, herzustellen und so einen hohen Benutzerkomfort garantieren.<br \/>\nEine f\u00fcr jedes Teil spezifische Fehlerbibliothek garantiert die Qualit\u00e4t des gelieferten Produkts.[\/vc_column_text][\/vc_column][vc_column width=&#8220;1\/2&#8243; css=&#8220;.vc_custom_1680264287818{margin-top: 0px !important;margin-right: 0px !important;margin-bottom: 0px !important;margin-left: 0px !important;padding-top: 0px !important;padding-right: 0px !important;padding-bottom: 0px !important;padding-left: 0px !important;}&#8220;][vc_images_carousel images=&#8220;4865,4866&#8243; img_size=&#8220;full&#8220; speed=&#8220;3000&#8243; css_animation=&#8220;fadeInRight&#8220;][\/vc_column][\/vc_row][vc_row][vc_column][vc_column_text el_class=&#8220;grosse-baseline&#8220;]<\/p>\n<p style=\"text-align: center;\">EIN BEDARF, EINE FRAGE? UNSERE EXPERTE STEHEN IHNEN ZU VERF\u00dcGUNG<\/p>\n<p>[\/vc_column_text][vc_btn title=&#8220;Preisanfrage&#8220; style=&#8220;custom&#8220; custom_background=&#8220;#ff7e00&#8243; custom_text=&#8220;#ffffff&#8220; shape=&#8220;square&#8220; size=&#8220;lg&#8220; align=&#8220;center&#8220; link=&#8220;url:%2Fde%2Fkontakt.html&#8220;][\/vc_column][\/vc_row]<\/p>\n<\/div>","protected":false},"excerpt":{"rendered":"<p>[vc_row][vc_column offset=&#8220;vc_hidden-xs&#8220;][vc_empty_space height=&#8220;10px&#8220;][\/vc_column][\/vc_row][vc_row devn_bg_repeat=&#8220;no-repeat&#8220;][vc_column][vc_column_text] Die Welt des franz\u00f6sischen Luxus. Bei Joseph MARTIN unterst\u00fctzen wir seit Jahren die gr\u00f6\u00dften Namen der Branche. [\/vc_column_text][\/vc_column][\/vc_row][vc_row][vc_column][vc_empty_space height=&#8220;10px&#8220;][\/vc_column][\/vc_row][vc_row][vc_column][vc_column_text] Kosmetikum [\/vc_column_text][vc_column_text el_class=&#8220;titre-h2-baseline&#8220;]<span class=\"excerpt-hellip\"> [\u2026]<\/span><\/p>\n","protected":false},"author":1,"featured_media":0,"parent":0,"menu_order":0,"comment_status":"closed","ping_status":"closed","template":"","meta":{"footnotes":""},"offres_emplois":[],"type_de_contrat_":[],"categorie_emplois":[],"class_list":["post-3184","page","type-page","status-publish","hentry"],"_links":{"self":[{"href":"https:\/\/www.martin-joseph.com\/de\/wp-json\/wp\/v2\/pages\/3184","targetHints":{"allow":["GET"]}}],"collection":[{"href":"https:\/\/www.martin-joseph.com\/de\/wp-json\/wp\/v2\/pages"}],"about":[{"href":"https:\/\/www.martin-joseph.com\/de\/wp-json\/wp\/v2\/types\/page"}],"author":[{"embeddable":true,"href":"https:\/\/www.martin-joseph.com\/de\/wp-json\/wp\/v2\/users\/1"}],"replies":[{"embeddable":true,"href":"https:\/\/www.martin-joseph.com\/de\/wp-json\/wp\/v2\/comments?post=3184"}],"version-history":[{"count":0,"href":"https:\/\/www.martin-joseph.com\/de\/wp-json\/wp\/v2\/pages\/3184\/revisions"}],"wp:attachment":[{"href":"https:\/\/www.martin-joseph.com\/de\/wp-json\/wp\/v2\/media?parent=3184"}],"wp:term":[{"taxonomy":"offres_emplois","embeddable":true,"href":"https:\/\/www.martin-joseph.com\/de\/wp-json\/wp\/v2\/offres_emplois?post=3184"},{"taxonomy":"type_de_contrat_","embeddable":true,"href":"https:\/\/www.martin-joseph.com\/de\/wp-json\/wp\/v2\/type_de_contrat_?post=3184"},{"taxonomy":"categorie_emplois","embeddable":true,"href":"https:\/\/www.martin-joseph.com\/de\/wp-json\/wp\/v2\/categorie_emplois?post=3184"}],"curies":[{"name":"wp","href":"https:\/\/api.w.org\/{rel}","templated":true}]}}