{"id":2693,"date":"2020-12-16T09:26:12","date_gmt":"2020-12-16T08:26:12","guid":{"rendered":"http:\/\/www.martin-joseph.com\/de\/?page_id=2693"},"modified":"2025-07-30T16:42:03","modified_gmt":"2025-07-30T14:42:03","slug":"bearbeitung-von-drehteilen","status":"publish","type":"page","link":"https:\/\/www.martin-joseph.com\/de\/bearbeitung-von-drehteilen.html","title":{"rendered":"Behandlungen"},"content":{"rendered":"<div class=\"wpb-content-wrapper\"><p>[vc_row][vc_column width=&#8220;1\/4&#8243;][\/vc_column][vc_column width=&#8220;1\/2&#8243;][vc_column_text]<\/p>\n<p style=\"text-align: center;\">Wir bieten Ihnen komplette Lohnarbeit, von der <span class=\"fort\">W\u00e4rmebehandlung<\/span> bis zur <span class=\"fort\">Oberfl\u00e4chenbehandlung<\/span>. Diese Behandlungen werden von unseren lokalen Zulieferanten durchgef\u00fchrt, was uns eine hohe Reaktionsf\u00e4higkeit verschafft. Unsere Zulieferanten sind zertifiziert und garantieren so die Qualit\u00e4t unserer Produkte.<\/p>\n<p>[\/vc_column_text][vc_empty_space height=&#8220;10px&#8220;][\/vc_column][vc_column width=&#8220;1\/4&#8243;][\/vc_column][\/vc_row][vc_row][vc_column][vc_column_text]<\/p>\n<p class=\"titre titre-fond-orange long-titre\"><span class=\"premier-mot\">W\u00e4rmebehandlungen <\/span><\/p>\n<p>[\/vc_column_text][vc_column_text el_class=&#8220;titre-h2-baseline&#8220;]<\/p>\n<h2>W\u00e4rmebehandlungen f\u00fcr Ihre bearbeiteten Teile<\/h2>\n<p>[\/vc_column_text][\/vc_column][\/vc_row][vc_row][vc_column width=&#8220;1\/2&#8243;][vc_column_text]<\/p>\n<ul>\n<li>L\u00f6sungsgl\u00fchen \/ \u00dcberh\u00e4rten,<\/li>\n<li>Kolsterising,<\/li>\n<li>Abschrecken + Anlassen,<\/li>\n<li>Gl\u00fchen,<\/li>\n<li>Gasabschreckung (18 bar),<\/li>\n<li>Einsatzh\u00e4rten, Carbonitrieren,<\/li>\n<li>Nitrieren, Nitrocarburieren,<\/li>\n<li>Magnetisches Gl\u00fchen,<\/li>\n<li>Nach oxidieren,<\/li>\n<\/ul>\n<p>[\/vc_column_text][\/vc_column][vc_column width=&#8220;1\/2&#8243; css=&#8220;.vc_custom_1680264287818{margin-top: 0px !important;margin-right: 0px !important;margin-bottom: 0px !important;margin-left: 0px !important;padding-top: 0px !important;padding-right: 0px !important;padding-bottom: 0px !important;padding-left: 0px !important;}&#8220;][vc_single_image image=&#8220;5118&#8243; img_size=&#8220;full&#8220; alignment=&#8220;center&#8220; css_animation=&#8220;fadeInRight&#8220; css=&#8220;.vc_custom_1689921355277{margin-top: 0px !important;margin-right: 0px !important;margin-bottom: 0px !important;margin-left: 0px !important;padding-top: 0px !important;padding-right: 0px !important;padding-bottom: 0px !important;padding-left: 0px !important;}&#8220;][\/vc_column][\/vc_row][vc_row][vc_column][vc_column_text el_class=&#8220;grosse-baseline&#8220;]<\/p>\n<div class=\"vc_row wpb_row vc_row-fluid\">\n<div class=\"wpb_column vc_column_container vc_col-sm-12\">\n<div class=\"vc_column-inner\">\n<div class=\"wpb_wrapper\">\n<div class=\"wpb_text_column wpb_content_element grosse-baseline\">\n<div class=\"wpb_wrapper\">\n<p style=\"text-align: center;\">EIN BEDARF, EINE FRAGE? UNSERE EXPERTE STEHEN IHNEN ZU VERF\u00dcGUNG<\/p>\n<\/div>\n<\/div>\n<\/div>\n<\/div>\n<\/div>\n<\/div>\n<p>[\/vc_column_text][vc_btn title=&#8220;Preisanfrage&#8220; style=&#8220;custom&#8220; custom_background=&#8220;#ff7e00&#8243; custom_text=&#8220;#ffffff&#8220; shape=&#8220;square&#8220; size=&#8220;lg&#8220; align=&#8220;center&#8220; link=&#8220;url:%2Fde%2Fkontakt.html|title:Contact&#8220;][\/vc_column][\/vc_row][vc_row full_width=&#8220;stretch_row&#8220; css=&#8220;.vc_custom_1687267564345{background-color: #d5d5d5 !important;}&#8220;][vc_column][vc_empty_space][vc_column_text]<\/p>\n<p class=\"titre titre-droite titre-fond-bleu long-titre\" style=\"text-align: right;\"><span class=\"premier-mot\">Oberfl\u00e4chenbehandlungen<\/span><\/p>\n<p>[\/vc_column_text][vc_column_text el_class=&#8220;titre-h2-baseline&#8220;]<\/p>\n<h2 style=\"text-align: right;\">Oberfl\u00e4chenbehandlungen und Veredelung Ihrer bearbeiteten Teile<\/h2>\n<p>[\/vc_column_text][\/vc_column][\/vc_row][vc_row full_width=&#8220;stretch_row&#8220; css=&#8220;.vc_custom_1687267564345{background-color: #d5d5d5 !important;}&#8220;][vc_column width=&#8220;1\/2&#8243;][vc_single_image image=&#8220;5318&#8243; img_size=&#8220;full&#8220; alignment=&#8220;center&#8220; css_animation=&#8220;fadeInLeft&#8220; css=&#8220;.vc_custom_1695975453643{margin-top: 0px !important;margin-right: 0px !important;margin-bottom: 0px !important;margin-left: 0px !important;padding-top: 0px !important;padding-right: 0px !important;padding-bottom: 0px !important;padding-left: 0px !important;}&#8220;][\/vc_column][vc_column width=&#8220;1\/2&#8243;][vc_column_text]<\/p>\n<ul>\n<li>DLC (Diamond Like Carbon)<\/li>\n<li>Chemisches Nickel mit hohem Phosphorgehalt auf Stahl,<\/li>\n<li>Phosphatierung,<\/li>\n<li>Zink,<\/li>\n<li>Zink Nickel,<\/li>\n<li>Passivierung,<\/li>\n<li>Eloxierend,<\/li>\n<li>Versilberung,<\/li>\n<li>Vergoldung,<\/li>\n<\/ul>\n<p>[\/vc_column_text][\/vc_column][\/vc_row][vc_row][vc_column][vc_column_text el_class=&#8220;grosse-baseline&#8220;]<\/p>\n<p style=\"text-align: center;\">EIN BEDARF, EINE FRAGE? UNSERE EXPERTE STEHEN IHNEN ZU VERF\u00dcGUNG<\/p>\n<p>[\/vc_column_text][vc_btn title=&#8220;Preisanfrage&#8220; style=&#8220;custom&#8220; custom_background=&#8220;#ff7e00&#8243; custom_text=&#8220;#ffffff&#8220; shape=&#8220;square&#8220; size=&#8220;lg&#8220; align=&#8220;center&#8220; link=&#8220;url:%2Fde%2Fkontakt.html&#8220;][\/vc_column][\/vc_row]<\/p>\n<\/div>","protected":false},"excerpt":{"rendered":"<p>[vc_row][vc_column width=&#8220;1\/4&#8243;][\/vc_column][vc_column width=&#8220;1\/2&#8243;][vc_column_text] Wir bieten Ihnen komplette Lohnarbeit, von der W\u00e4rmebehandlung bis zur Oberfl\u00e4chenbehandlung. Diese Behandlungen werden von unseren lokalen Zulieferanten durchgef\u00fchrt, was uns eine hohe<span class=\"excerpt-hellip\"> [\u2026]<\/span><\/p>\n","protected":false},"author":1,"featured_media":0,"parent":0,"menu_order":0,"comment_status":"closed","ping_status":"closed","template":"","meta":{"footnotes":""},"offres_emplois":[],"type_de_contrat_":[],"categorie_emplois":[],"class_list":["post-2693","page","type-page","status-publish","hentry"],"_links":{"self":[{"href":"https:\/\/www.martin-joseph.com\/de\/wp-json\/wp\/v2\/pages\/2693","targetHints":{"allow":["GET"]}}],"collection":[{"href":"https:\/\/www.martin-joseph.com\/de\/wp-json\/wp\/v2\/pages"}],"about":[{"href":"https:\/\/www.martin-joseph.com\/de\/wp-json\/wp\/v2\/types\/page"}],"author":[{"embeddable":true,"href":"https:\/\/www.martin-joseph.com\/de\/wp-json\/wp\/v2\/users\/1"}],"replies":[{"embeddable":true,"href":"https:\/\/www.martin-joseph.com\/de\/wp-json\/wp\/v2\/comments?post=2693"}],"version-history":[{"count":0,"href":"https:\/\/www.martin-joseph.com\/de\/wp-json\/wp\/v2\/pages\/2693\/revisions"}],"wp:attachment":[{"href":"https:\/\/www.martin-joseph.com\/de\/wp-json\/wp\/v2\/media?parent=2693"}],"wp:term":[{"taxonomy":"offres_emplois","embeddable":true,"href":"https:\/\/www.martin-joseph.com\/de\/wp-json\/wp\/v2\/offres_emplois?post=2693"},{"taxonomy":"type_de_contrat_","embeddable":true,"href":"https:\/\/www.martin-joseph.com\/de\/wp-json\/wp\/v2\/type_de_contrat_?post=2693"},{"taxonomy":"categorie_emplois","embeddable":true,"href":"https:\/\/www.martin-joseph.com\/de\/wp-json\/wp\/v2\/categorie_emplois?post=2693"}],"curies":[{"name":"wp","href":"https:\/\/api.w.org\/{rel}","templated":true}]}}