{"id":2679,"date":"2020-12-11T17:16:26","date_gmt":"2020-12-11T16:16:26","guid":{"rendered":"http:\/\/www.martin-joseph.com\/de\/?page_id=2679"},"modified":"2025-04-24T11:34:54","modified_gmt":"2025-04-24T09:34:54","slug":"kontrolle-des-werkstucks","status":"publish","type":"page","link":"https:\/\/www.martin-joseph.com\/de\/kontrolle-des-werkstucks.html","title":{"rendered":"Contr\u00f4le"},"content":{"rendered":"<div class=\"wpb-content-wrapper\"><p>[vc_row][vc_column width=&#8220;1\/4&#8243;][\/vc_column][vc_column width=&#8220;1\/2&#8243;][vc_column_text]<\/p>\n<p style=\"text-align: center;\">Unsere Experten helfen Ihnen gerne weiter. Ein erfahrenes Team steht unseren Mitarbeitern f\u00fcr Stichprobenmessungen in der Produktion zur Verf\u00fcgung.<\/p>\n<p>[\/vc_column_text][vc_empty_space height=&#8220;10px&#8220;][\/vc_column][vc_column width=&#8220;1\/4&#8243;][\/vc_column][\/vc_row][vc_row][vc_column][vc_column_text]<\/p>\n<p class=\"titre titre-fond-orange\"><span class=\"premier-mot\">Automatische Sortierung<\/span><\/p>\n<p>[\/vc_column_text][vc_column_text el_class=&#8220;titre-h2-baseline&#8220;]<\/p>\n<h2>Automatische Pr\u00fcfmittel<\/h2>\n<p>[\/vc_column_text][\/vc_column][\/vc_row][vc_row][vc_column width=&#8220;1\/2&#8243;][vc_column_text]Um 0 PPMs anzustreben, entwickeln oder investieren wir in <span class=\"fort\">automatische Kontrolll\u00f6sungen<\/span>. Diese k\u00f6nnen dediziert oder flexibel sein, sodass wir uns an Ihre Bed\u00fcrfnisse anpassen k\u00f6nnen.<\/p>\n<p>Folgende Kontrollen werden eingesetzt :<\/p>\n<ul>\n<li>Kamera Pr\u00fcfung (Aspekt)<\/li>\n<li>Ma\u00dfkontrollen (per Laserkontakt, Kamera)<\/li>\n<li>Wirbelstrom<\/li>\n<li>Dichtheits- und Lekagepr\u00fcfungen<\/li>\n<li>Stress-Kontrollen<\/li>\n<\/ul>\n<p>Um immer \u00fcber die effizientesten Bildverarbeitungswerkzeuge zu verf\u00fcgen, ist unser Forschungs- und Entwicklungsteam auf der Suche nach L\u00f6sungen der neuesten Generation.<\/p>\n<p>Wir verf\u00fcgen \u00fcber eine Abteilung, die in der Lage ist, 100% der Konstruktionsphase bis zur Konstruktionsphase unserer Sondermaschinen durchzuf\u00fchren.[\/vc_column_text][\/vc_column][vc_column width=&#8220;1\/2&#8243; css=&#8220;.vc_custom_1680264287818{margin-top: 0px !important;margin-right: 0px !important;margin-bottom: 0px !important;margin-left: 0px !important;padding-top: 0px !important;padding-right: 0px !important;padding-bottom: 0px !important;padding-left: 0px !important;}&#8220;][vc_single_image image=&#8220;5808&#8243; img_size=&#8220;full&#8220; alignment=&#8220;center&#8220; css_animation=&#8220;fadeInRight&#8220; css=&#8220;.vc_custom_1729525428172{margin-top: 0px !important;margin-right: 0px !important;margin-bottom: 0px !important;margin-left: 0px !important;padding-top: 0px !important;padding-right: 0px !important;padding-bottom: 0px !important;padding-left: 0px !important;}&#8220;][\/vc_column][\/vc_row][vc_row][vc_column][vc_column_text el_class=&#8220;grosse-baseline&#8220;]<\/p>\n<p style=\"text-align: center;\">Ein Bed\u00fcrfnis, eine Frage? Unsere Experten h\u00f6ren Ihnen zu<\/p>\n<p>[\/vc_column_text][vc_btn title=&#8220;Preisanfrage&#8220; style=&#8220;custom&#8220; custom_background=&#8220;#ff7e00&#8243; custom_text=&#8220;#ffffff&#8220; shape=&#8220;square&#8220; size=&#8220;lg&#8220; align=&#8220;center&#8220; link=&#8220;url:%2Fde%2Fkontakt.html&#8220;][\/vc_column][\/vc_row][vc_row full_width=&#8220;stretch_row&#8220; css=&#8220;.vc_custom_1687267564345{background-color: #d5d5d5 !important;}&#8220;][vc_column][vc_empty_space][vc_column_text]<\/p>\n<p class=\"titre titre-droite titre-fond-bleu long-titre\" style=\"text-align: right;\"><span class=\"premier-mot\">Ma\u00dfkontrolle<\/span><\/p>\n<p>[\/vc_column_text][vc_column_text el_class=&#8220;titre-h2-baseline&#8220;]<\/p>\n<h2 style=\"text-align: right;\">Ma\u00dfkontrolle der zerspanten Teile<\/h2>\n<p>[\/vc_column_text][\/vc_column][\/vc_row][vc_row full_width=&#8220;stretch_row&#8220; css=&#8220;.vc_custom_1687267564345{background-color: #d5d5d5 !important;}&#8220;][vc_column width=&#8220;1\/2&#8243;][vc_single_image image=&#8220;5824&#8243; img_size=&#8220;full&#8220; alignment=&#8220;center&#8220; css_animation=&#8220;fadeInLeft&#8220; css=&#8220;.vc_custom_1732203109469{margin-top: 0px !important;margin-right: 0px !important;margin-bottom: 0px !important;margin-left: 0px !important;padding-top: 0px !important;padding-right: 0px !important;padding-bottom: 0px !important;padding-left: 0px !important;}&#8220;][\/vc_column][vc_column width=&#8220;1\/2&#8243;][vc_column_text]Die Vielfalt unserer <span class=\"fort\">Messlabore erm\u00f6glicht<\/span> es uns, eine breite Palette von Dimensionsmerkmalen mit &#8222;traditionellen&#8220; und automatischen Mitteln zu messen. Die Kontrollwerkzeuge sind in unseren Werkst\u00e4tten vorhanden, um die Produktion bestm\u00f6glich zu verwalten.<\/p>\n<ul>\n<li>3 3D-Maschinen,<\/li>\n<li>3 Profil-Ger\u00e4te,<\/li>\n<li>6 Rauheitsmessger\u00e4te,<\/li>\n<li>1 R\u00f6ntgenger\u00e4t (Schichtdicke der Oberfl\u00e4chenbehandlungen),<\/li>\n<li>2 Wirbelstromger\u00e4te,<\/li>\n<li>5 Kamera-Ma\u00dfpr\u00fcfmaschinen,<\/li>\n<li>1 CS5000 CNC-Profil und Rauhigkeit,<\/li>\n<li>3 Formfehler-Messger\u00e4te,<\/li>\n<li>1 Koerzitivfeld-Messger\u00e4t,<\/li>\n<\/ul>\n<p>[\/vc_column_text][\/vc_column][\/vc_row][vc_row][vc_column][vc_column_text el_class=&#8220;grosse-baseline&#8220;]<\/p>\n<p style=\"text-align: center;\">EIN BEDARF, EINE FRAGE? UNSERE EXPERTE STEHEN IHNEN ZU VERF\u00dcGUNG<\/p>\n<p>[\/vc_column_text][vc_btn title=&#8220;Preisanfrage&#8220; style=&#8220;custom&#8220; custom_background=&#8220;#ff7e00&#8243; custom_text=&#8220;#ffffff&#8220; shape=&#8220;square&#8220; size=&#8220;lg&#8220; align=&#8220;center&#8220; link=&#8220;url:%2Fde%2Fkontakt.html&#8220;][\/vc_column][\/vc_row][vc_row el_class=&#8220;margin-top-neg&#8220;][vc_column][vc_column_text]<\/p>\n<p class=\"titre titre-fond-orange\"><span class=\"premier-mot\">Pr\u00fcfung<\/span><\/p>\n<p>[\/vc_column_text][vc_column_text el_class=&#8220;titre-h2-baseline&#8220;]<\/p>\n<h2>Qualit\u00e4tskontrolle von Drehteilen<\/h2>\n<p>[\/vc_column_text][\/vc_column][\/vc_row][vc_row][vc_column width=&#8220;1\/2&#8243;][vc_column_text]Wir pr\u00fcfen und analysieren unsere Drehteile nach Ihren Anforderungen in verschiedenen Phasen des Prozesses, vom Eingang des Rohmaterials bis zum Versand.<\/p>\n<ul>\n<li>3 H\u00e4rte- und Mikroh\u00e4rtemessger\u00e4te,<\/li>\n<li>1 R\u00f6ntgenger\u00e4t (Materialzusammensetzung),<\/li>\n<li>2 Schichtdicke-Messger\u00e4te f\u00fcr die Oberfl\u00e4chenbehandlung (Fischer-Sonde),<\/li>\n<\/ul>\n<p>Unsere Experten helfen Ihnen gerne weiter. Ein erfahrenes Team steht unseren Mitarbeitern f\u00fcr Probenahmemessungen in der Produktion zur Verf\u00fcgung.[\/vc_column_text][\/vc_column][vc_column width=&#8220;1\/2&#8243; css=&#8220;.vc_custom_1680264287818{margin-top: 0px !important;margin-right: 0px !important;margin-bottom: 0px !important;margin-left: 0px !important;padding-top: 0px !important;padding-right: 0px !important;padding-bottom: 0px !important;padding-left: 0px !important;}&#8220;][vc_single_image image=&#8220;5724&#8243; img_size=&#8220;full&#8220; alignment=&#8220;center&#8220; css_animation=&#8220;fadeInRight&#8220;][\/vc_column][\/vc_row][vc_row][vc_column][vc_column_text el_class=&#8220;grosse-baseline&#8220;]<\/p>\n<p style=\"text-align: center;\">EIN BEDARF, EINE FRAGE? UNSERE EXPERTE STEHEN IHNEN ZU VERF\u00dcGUNG<\/p>\n<p>[\/vc_column_text][vc_btn title=&#8220;Preisanfrage&#8220; style=&#8220;custom&#8220; custom_background=&#8220;#ff7e00&#8243; custom_text=&#8220;#ffffff&#8220; shape=&#8220;square&#8220; size=&#8220;lg&#8220; align=&#8220;center&#8220; link=&#8220;url:%2Fde%2Fkontakt.html&#8220;][\/vc_column][\/vc_row][vc_row full_width=&#8220;stretch_row&#8220; css=&#8220;.vc_custom_1687267564345{background-color: #d5d5d5 !important;}&#8220;][vc_column][vc_empty_space][vc_column_text]<\/p>\n<p class=\"titre titre-droite titre-fond-bleu long-titre\" style=\"text-align: right;\"><span class=\"premier-mot\">Sauberkeitslabor<\/span><\/p>\n<p>[\/vc_column_text][vc_column_text el_class=&#8220;titre-h2-baseline&#8220;]<\/p>\n<h2 style=\"text-align: right;\">Internationale Reinheitsstandards f\u00fcr Drehteile<\/h2>\n<p>[\/vc_column_text][\/vc_column][\/vc_row][vc_row full_width=&#8220;stretch_row&#8220; css=&#8220;.vc_custom_1687267564345{background-color: #d5d5d5 !important;}&#8220;][vc_column width=&#8220;1\/2&#8243;][vc_single_image image=&#8220;5712&#8243; img_size=&#8220;full&#8220; alignment=&#8220;center&#8220; css_animation=&#8220;fadeInLeft&#8220; css=&#8220;.vc_custom_1706546137103{margin-top: 0px !important;margin-right: 0px !important;margin-bottom: 0px !important;margin-left: 0px !important;padding-top: 0px !important;padding-right: 0px !important;padding-bottom: 0px !important;padding-left: 0px !important;}&#8220;][\/vc_column][vc_column width=&#8220;1\/2&#8243;][vc_column_text]Seit 1997 ist die <span class=\"fort\">Sauberkeit der von uns hergestellten Industrieteile<\/span> eine unserer Priorit\u00e4ten: Wir geh\u00f6ren zu den ersten, die in ein Partikelmesslabor investiert haben. Diese Einrichtung erm\u00f6glicht es, die Spezifikationen unserer Kunden nach internationalen Reinheitsstandards zu erf\u00fcllen.<\/p>\n<ul>\n<li>1 PALL Partikel-Absaugb\u00e4nke<\/li>\n<li>1 OLYMPUS Mikroskop zur automatischen Partikelmessung und -z\u00e4hlung<\/li>\n<\/ul>\n<p><em>\u00a0<\/em>[\/vc_column_text][\/vc_column][\/vc_row][vc_row][vc_column][vc_column_text el_class=&#8220;grosse-baseline&#8220;]<\/p>\n<p style=\"text-align: center;\">EIN BEDARF, EINE FRAGE? UNSERE EXPERTE STEHEN IHNEN ZU VERF\u00dcGUNG<\/p>\n<p>[\/vc_column_text][vc_btn title=&#8220;Preisanfrage&#8220; style=&#8220;custom&#8220; custom_background=&#8220;#ff7e00&#8243; custom_text=&#8220;#ffffff&#8220; shape=&#8220;square&#8220; size=&#8220;lg&#8220; align=&#8220;center&#8220; link=&#8220;url:%2Fde%2Fkontakt.html&#8220;][\/vc_column][\/vc_row]<\/p>\n<\/div>","protected":false},"excerpt":{"rendered":"<p>[vc_row][vc_column width=&#8220;1\/4&#8243;][\/vc_column][vc_column width=&#8220;1\/2&#8243;][vc_column_text] Unsere Experten helfen Ihnen gerne weiter. Ein erfahrenes Team steht unseren Mitarbeitern f\u00fcr Stichprobenmessungen in der Produktion zur Verf\u00fcgung. [\/vc_column_text][vc_empty_space height=&#8220;10px&#8220;][\/vc_column][vc_column width=&#8220;1\/4&#8243;][\/vc_column][\/vc_row][vc_row][vc_column][vc_column_text] Automatische<span class=\"excerpt-hellip\"> [\u2026]<\/span><\/p>\n","protected":false},"author":1,"featured_media":0,"parent":0,"menu_order":0,"comment_status":"closed","ping_status":"closed","template":"","meta":{"footnotes":""},"offres_emplois":[],"type_de_contrat_":[],"categorie_emplois":[],"class_list":["post-2679","page","type-page","status-publish","hentry"],"_links":{"self":[{"href":"https:\/\/www.martin-joseph.com\/de\/wp-json\/wp\/v2\/pages\/2679","targetHints":{"allow":["GET"]}}],"collection":[{"href":"https:\/\/www.martin-joseph.com\/de\/wp-json\/wp\/v2\/pages"}],"about":[{"href":"https:\/\/www.martin-joseph.com\/de\/wp-json\/wp\/v2\/types\/page"}],"author":[{"embeddable":true,"href":"https:\/\/www.martin-joseph.com\/de\/wp-json\/wp\/v2\/users\/1"}],"replies":[{"embeddable":true,"href":"https:\/\/www.martin-joseph.com\/de\/wp-json\/wp\/v2\/comments?post=2679"}],"version-history":[{"count":0,"href":"https:\/\/www.martin-joseph.com\/de\/wp-json\/wp\/v2\/pages\/2679\/revisions"}],"wp:attachment":[{"href":"https:\/\/www.martin-joseph.com\/de\/wp-json\/wp\/v2\/media?parent=2679"}],"wp:term":[{"taxonomy":"offres_emplois","embeddable":true,"href":"https:\/\/www.martin-joseph.com\/de\/wp-json\/wp\/v2\/offres_emplois?post=2679"},{"taxonomy":"type_de_contrat_","embeddable":true,"href":"https:\/\/www.martin-joseph.com\/de\/wp-json\/wp\/v2\/type_de_contrat_?post=2679"},{"taxonomy":"categorie_emplois","embeddable":true,"href":"https:\/\/www.martin-joseph.com\/de\/wp-json\/wp\/v2\/categorie_emplois?post=2679"}],"curies":[{"name":"wp","href":"https:\/\/api.w.org\/{rel}","templated":true}]}}