{"id":2672,"date":"2020-12-11T17:14:57","date_gmt":"2020-12-11T16:14:57","guid":{"rendered":"http:\/\/www.martin-joseph.com\/de\/?page_id=2672"},"modified":"2025-07-30T16:45:43","modified_gmt":"2025-07-30T14:45:43","slug":"bearbeitungs-ingenieurburo","status":"publish","type":"page","link":"https:\/\/www.martin-joseph.com\/de\/bearbeitungs-ingenieurburo.html","title":{"rendered":"Konstruktionsb\u00fcro f\u00fcr maschinelle Bearbeitung"},"content":{"rendered":"<div class=\"wpb-content-wrapper\"><p>[vc_row][vc_column][vc_column_text]<\/p>\n<p class=\"titre titre-fond-orange\"><span class=\"premier-mot\">Industrialisierung<\/span><\/p>\n<p>[\/vc_column_text][vc_column_text el_class=&#8220;titre-h2-baseline&#8220;]<\/p>\n<h2>Eine pers\u00f6nliche Begleitung, um Ihren Erwartungen zu entsprechen<\/h2>\n<p>[\/vc_column_text][\/vc_column][\/vc_row][vc_row][vc_column width=&#8220;1\/2&#8243;][vc_column_text]Eine pers\u00f6nliche Begleitung, um Ihren Erwartungen zu entsprechen<\/p>\n<p>Jedes neue <span class=\"fort\">Drehteil<\/span> wird von einem Projektleiter betreut.\u00a0 Er steuert die verschiedenen Anlaufphasen, den einzelnen Anforderungen der verschiedenen T\u00e4tigkeitsbereichen entsprechend.<\/p>\n<p>Von den Prototypen bis zur Serie werden unsere <span class=\"fort\">Drehteile Herstellungsprozesse<\/span> dank einer rigorosen Verwaltung der APQP-Phasen optimiert und zuverl\u00e4ssig gemacht.<\/p>\n<p>Wir entwerfen und fertigen intern die Werkzeuge und Ausr\u00fcstungen, die f\u00fcr die Herstellung der Bestandteile der Baugruppen erforderlich sind. Unsere <span class=\"fort\">Werkst\u00e4tten f\u00fcr Werkzeuge und Mechanik<\/span> sind mit den neuesten CNC-Maschinentechnologien ausgestattet. Diese erm\u00f6glichen es uns, die Produktions- und Montageprozesse bestens zu beherrschen.<\/p>\n<p><span class=\"fort\">Entwurf und interne Herstellung<\/span> von Werkzeugen und Ausr\u00fcstungen, die f\u00fcr die Herstellung von Teilen und Unterbaugruppen erforderlich sind, dank:<\/p>\n<ul>\n<li>4 Drahterodiermaschinen,<\/li>\n<li>2 CNC-Profilschleifmaschinen,<\/li>\n<li>1 5-Achsen-Schleifzentrum,<\/li>\n<li>2 EWAG-Universalschleifmaschinen,<\/li>\n<\/ul>\n<p>[\/vc_column_text][\/vc_column][vc_column width=&#8220;1\/2&#8243; css=&#8220;.vc_custom_1680264287818{margin-top: 0px !important;margin-right: 0px !important;margin-bottom: 0px !important;margin-left: 0px !important;padding-top: 0px !important;padding-right: 0px !important;padding-bottom: 0px !important;padding-left: 0px !important;}&#8220;][vc_single_image image=&#8220;5719&#8243; img_size=&#8220;full&#8220; alignment=&#8220;center&#8220; css_animation=&#8220;fadeInRight&#8220; css=&#8220;.vc_custom_1706546039072{margin-top: 0px !important;margin-right: 0px !important;margin-bottom: 0px !important;margin-left: 0px !important;padding-top: 0px !important;padding-right: 0px !important;padding-bottom: 0px !important;padding-left: 0px !important;}&#8220;][\/vc_column][\/vc_row][vc_row][vc_column][vc_column_text el_class=&#8220;grosse-baseline&#8220;]<\/p>\n<p style=\"text-align: center;\">EIN BEDARF, EINE FRAGE? UNSERE EXPERTE STEHEN IHNEN ZU VERF\u00dcGUNG<\/p>\n<p>[\/vc_column_text][vc_btn title=&#8220;Preisanfrage&#8220; style=&#8220;custom&#8220; custom_background=&#8220;#ff7e00&#8243; custom_text=&#8220;#ffffff&#8220; shape=&#8220;square&#8220; size=&#8220;lg&#8220; align=&#8220;center&#8220; link=&#8220;url:%2Fde%2Fkontakt.html&#8220;][\/vc_column][\/vc_row][vc_row full_width=&#8220;stretch_row&#8220; css=&#8220;.vc_custom_1687267564345{background-color: #d5d5d5 !important;}&#8220;][vc_column][vc_empty_space][vc_column_text]<\/p>\n<p class=\"titre titre-droite titre-fond-bleu\" style=\"text-align: right;\"><span class=\"premier-mot padding-left-20\">Co-Design<\/span><\/p>\n<p>[\/vc_column_text][vc_column_text el_class=&#8220;titre-h2-baseline&#8220; css=&#8220;.vc_custom_1698160080574{margin-top: 50px !important;}&#8220;]<\/p>\n<h2 style=\"text-align: right;\">Beratung und Industrialisierungsstudie f\u00fcr Ihre Projekte<\/h2>\n<p>[\/vc_column_text][\/vc_column][\/vc_row][vc_row full_width=&#8220;stretch_row&#8220; css=&#8220;.vc_custom_1687267564345{background-color: #d5d5d5 !important;}&#8220;][vc_column width=&#8220;1\/2&#8243;][vc_single_image image=&#8220;5714&#8243; img_size=&#8220;full&#8220; alignment=&#8220;center&#8220; css_animation=&#8220;fadeInLeft&#8220;][\/vc_column][vc_column width=&#8220;1\/2&#8243;][vc_column_text]<span class=\"fort\">Beratung und Industrialisierungsstudie f\u00fcr Ihre Projekte<\/span><br \/>\nWir stellen unser Know-how und unsere Erfahrung zur Verf\u00fcgung, um wirtschaftlich und technisch relevante L\u00f6sungen zu bieten.<br \/>\nWir begleiten unsere Kunden bei der Entwicklung ihrer Produkte:<\/p>\n<ul>\n<li>Auswahl der Werkstoffe<\/li>\n<li>Vorschlag der am besten geeigneten Behandlung: W\u00e4rme- oder Oberfl\u00e4chenbehandlung<\/li>\n<li>Definition von Baugruppen<\/li>\n<\/ul>\n<p>[\/vc_column_text][\/vc_column][\/vc_row][vc_row][vc_column][vc_column_text el_class=&#8220;grosse-baseline&#8220;]<\/p>\n<p style=\"text-align: center;\">EIN BEDARF, EINE FRAGE? UNSERE EXPERTE STEHEN IHNEN ZU VERF\u00dcGUNG<\/p>\n<p>[\/vc_column_text][vc_btn title=&#8220;Preisanfrage&#8220; style=&#8220;custom&#8220; custom_background=&#8220;#ff7e00&#8243; custom_text=&#8220;#ffffff&#8220; shape=&#8220;square&#8220; size=&#8220;lg&#8220; align=&#8220;center&#8220; link=&#8220;url:%2Fde%2Fkontakt.html&#8220;][\/vc_column][\/vc_row][vc_row el_class=&#8220;margin-top-neg&#8220;][vc_column][vc_column_text]<\/p>\n<p class=\"titre titre-fond-orange\"><span class=\"premier-mot\">Ingineering<\/span><\/p>\n<p>[\/vc_column_text][vc_column_text el_class=&#8220;titre-h2-baseline&#8220;]<\/p>\n<h2>Setzen Sie mit unserem innovativen Konstruktionsb\u00fcro Ihre Ideen in die Realit\u00e4t um und erreichen Sie technische Spitzenleistung.<\/h2>\n<p>[\/vc_column_text][\/vc_column][\/vc_row][vc_row][vc_column width=&#8220;1\/2&#8243;][vc_column_text]Das Unternehmen stellt sich als globaler Dienstleister auf, um seinen Kunden eine schl\u00fcsselfertige L\u00f6sung zu bieten.<\/p>\n<p>Ein Projekt, ein Bedarf ? Unsere Experten begleiten Sie bei der Projektentwicklung, von der Zeichnung, Den Entwurf, bis hin zum Prototypenbau und Ihrer Produkt Industrialisierung.<\/p>\n<p>Bei Joseph Martin bieten wir Ihnen die erforderliche Synergie der verschiedenen Technologien, um Sie bei Ihren Projekten zu unterst\u00fctzen.<\/p>\n<p>Unser Know-how seit \u00fcber 75 Jahren im Bereich der Metallbearbeitung erm\u00f6glicht es uns, Sie zu begleiten und Ihnen zuverl\u00e4ssige und wirtschaftliche L\u00f6sungen zu unterbreiten.[\/vc_column_text][\/vc_column][vc_column width=&#8220;1\/2&#8243; css=&#8220;.vc_custom_1680264287818{margin-top: 0px !important;margin-right: 0px !important;margin-bottom: 0px !important;margin-left: 0px !important;padding-top: 0px !important;padding-right: 0px !important;padding-bottom: 0px !important;padding-left: 0px !important;}&#8220;][vc_single_image image=&#8220;5307&#8243; img_size=&#8220;full&#8220; alignment=&#8220;center&#8220; css_animation=&#8220;fadeInRight&#8220; css=&#8220;.vc_custom_1695981140940{margin-top: 0px !important;margin-right: 0px !important;margin-bottom: 0px !important;margin-left: 0px !important;padding-top: 0px !important;padding-right: 0px !important;padding-bottom: 0px !important;padding-left: 0px !important;}&#8220;][\/vc_column][\/vc_row][vc_row][vc_column][vc_column_text el_class=&#8220;grosse-baseline&#8220;]<\/p>\n<p style=\"text-align: center;\">EIN BEDARF, EINE FRAGE? UNSERE EXPERTE STEHEN IHNEN ZU VERF\u00dcGUNG<\/p>\n<p>[\/vc_column_text][vc_btn title=&#8220;Preisanfrage&#8220; style=&#8220;custom&#8220; custom_background=&#8220;#ff7e00&#8243; custom_text=&#8220;#ffffff&#8220; shape=&#8220;square&#8220; size=&#8220;lg&#8220; align=&#8220;center&#8220; link=&#8220;url:%2Fde%2Fkontakt.html&#8220;][\/vc_column][\/vc_row][vc_row full_width=&#8220;stretch_row&#8220; css=&#8220;.vc_custom_1687267564345{background-color: #d5d5d5 !important;}&#8220;][vc_column][vc_empty_space][vc_column_text]<\/p>\n<p class=\"titre titre-droite titre-fond-bleu long-titre\" style=\"text-align: right;\"><span class=\"premier-mot\">Interne Konzeption<\/span><\/p>\n<p>[\/vc_column_text][vc_column_text el_class=&#8220;titre-h2-baseline&#8220;]<\/p>\n<h2 style=\"text-align: right;\">Ein selbst\u00e4ndiges und reaktionsschnelles Team, das unsere Maschinen an Ihre Anforderungen anpassen kann.<\/h2>\n<p>[\/vc_column_text][\/vc_column][\/vc_row][vc_row full_width=&#8220;stretch_row&#8220; css=&#8220;.vc_custom_1687267564345{background-color: #d5d5d5 !important;}&#8220;][vc_column width=&#8220;1\/2&#8243;][vc_single_image image=&#8220;5105&#8243; img_size=&#8220;full&#8220; alignment=&#8220;center&#8220; css_animation=&#8220;fadeInLeft&#8220; css=&#8220;.vc_custom_1695981157162{margin-top: 0px !important;margin-right: 0px !important;margin-bottom: 0px !important;margin-left: 0px !important;padding-top: 0px !important;padding-right: 0px !important;padding-bottom: 0px !important;padding-left: 0px !important;}&#8220;][\/vc_column][vc_column width=&#8220;1\/2&#8243;][vc_column_text]Wir entwerfen und fertigen unsere eigenen Vorrichtungen, die an die Herstellung von Teilen und Unterbaugruppen angepa\u00dft sind:<\/p>\n<p>&#8211; Spezifische Werkzeughalter<\/p>\n<p>&#8211; Hydraulische, pneumatische oder CNC-Ger\u00e4te<\/p>\n<p>&#8211; Integration von kompletten Bearbeitungsl\u00f6sungen mit automatischer Zuf\u00fchrung und integrierter Kontrolle.<\/p>\n<ul>\n<li>Automatische Montagelinien mit integrierter Inline-Kontrolle<\/li>\n<li>Automatische 100%ige Pr\u00fcfkarusselle, die die verschiedenen Kontrollen (Ma\u00df-, Funktions- und Aspekt- Pr\u00fcfungen) integrieren.<\/li>\n<\/ul>\n<p>Eine ma\u00dfgeschneiderte Antwort auf Ihre Anforderungen. Ein Know-how und eine Expertise f\u00fcr unsere Kunden.<\/p>\n<p><em>\u00a0<\/em>[\/vc_column_text][\/vc_column][\/vc_row][vc_row][vc_column][vc_column_text el_class=&#8220;grosse-baseline&#8220;]<\/p>\n<p style=\"text-align: center;\">EIN BEDARF, EINE FRAGE? UNSERE EXPERTE STEHEN IHNEN ZU VERF\u00dcGUNG<\/p>\n<p>[\/vc_column_text][vc_btn title=&#8220;Preisanfrage&#8220; style=&#8220;custom&#8220; custom_background=&#8220;#ff7e00&#8243; custom_text=&#8220;#ffffff&#8220; shape=&#8220;square&#8220; size=&#8220;lg&#8220; align=&#8220;center&#8220; link=&#8220;url:%2Fde%2Fkontakt.html&#8220;][\/vc_column][\/vc_row]<\/p>\n<\/div>","protected":false},"excerpt":{"rendered":"<p>[vc_row][vc_column][vc_column_text] Industrialisierung [\/vc_column_text][vc_column_text el_class=&#8220;titre-h2-baseline&#8220;] Eine pers\u00f6nliche Begleitung, um Ihren Erwartungen zu entsprechen [\/vc_column_text][\/vc_column][\/vc_row][vc_row][vc_column width=&#8220;1\/2&#8243;][vc_column_text]Eine pers\u00f6nliche Begleitung, um Ihren Erwartungen zu entsprechen Jedes neue Drehteil wird von<span class=\"excerpt-hellip\"> [\u2026]<\/span><\/p>\n","protected":false},"author":1,"featured_media":0,"parent":0,"menu_order":0,"comment_status":"closed","ping_status":"closed","template":"","meta":{"footnotes":""},"offres_emplois":[],"type_de_contrat_":[],"categorie_emplois":[],"class_list":["post-2672","page","type-page","status-publish","hentry"],"_links":{"self":[{"href":"https:\/\/www.martin-joseph.com\/de\/wp-json\/wp\/v2\/pages\/2672","targetHints":{"allow":["GET"]}}],"collection":[{"href":"https:\/\/www.martin-joseph.com\/de\/wp-json\/wp\/v2\/pages"}],"about":[{"href":"https:\/\/www.martin-joseph.com\/de\/wp-json\/wp\/v2\/types\/page"}],"author":[{"embeddable":true,"href":"https:\/\/www.martin-joseph.com\/de\/wp-json\/wp\/v2\/users\/1"}],"replies":[{"embeddable":true,"href":"https:\/\/www.martin-joseph.com\/de\/wp-json\/wp\/v2\/comments?post=2672"}],"version-history":[{"count":0,"href":"https:\/\/www.martin-joseph.com\/de\/wp-json\/wp\/v2\/pages\/2672\/revisions"}],"wp:attachment":[{"href":"https:\/\/www.martin-joseph.com\/de\/wp-json\/wp\/v2\/media?parent=2672"}],"wp:term":[{"taxonomy":"offres_emplois","embeddable":true,"href":"https:\/\/www.martin-joseph.com\/de\/wp-json\/wp\/v2\/offres_emplois?post=2672"},{"taxonomy":"type_de_contrat_","embeddable":true,"href":"https:\/\/www.martin-joseph.com\/de\/wp-json\/wp\/v2\/type_de_contrat_?post=2672"},{"taxonomy":"categorie_emplois","embeddable":true,"href":"https:\/\/www.martin-joseph.com\/de\/wp-json\/wp\/v2\/categorie_emplois?post=2672"}],"curies":[{"name":"wp","href":"https:\/\/api.w.org\/{rel}","templated":true}]}}